{"id":114,"date":"2025-08-06T05:10:49","date_gmt":"2025-08-06T05:10:49","guid":{"rendered":"https:\/\/vienninedistajat.fi\/?page_id=114"},"modified":"2025-08-26T09:08:41","modified_gmt":"2025-08-26T09:08:41","slug":"tukea-vientiin","status":"publish","type":"page","link":"https:\/\/vienninedistajat.fi\/en\/tukea-vientiin\/","title":{"rendered":"Tukea vientiin"},"content":{"rendered":"<div data-elementor-type=\"wp-page\" data-elementor-id=\"114\" class=\"elementor elementor-114\" data-elementor-post-type=\"page\">\n\t\t\t\t\t\t<section class=\"elementor-section elementor-top-section elementor-element elementor-element-1697d1c elementor-section-boxed elementor-section-height-default elementor-section-height-default\" data-id=\"1697d1c\" data-element_type=\"section\" data-e-type=\"section\" data-settings=\"{&quot;background_background&quot;:&quot;classic&quot;}\">\n\t\t\t\t\t\t<div class=\"elementor-container elementor-column-gap-default\">\n\t\t\t\t\t<div class=\"elementor-column elementor-col-100 elementor-top-column elementor-element elementor-element-1e305b5\" data-id=\"1e305b5\" data-element_type=\"column\" data-e-type=\"column\">\n\t\t\t<div class=\"elementor-widget-wrap elementor-element-populated\">\n\t\t\t\t\t\t<div class=\"elementor-element elementor-element-f9f7bab elementor-widget elementor-widget-heading\" data-id=\"f9f7bab\" data-element_type=\"widget\" data-e-type=\"widget\" data-widget_type=\"heading.default\">\n\t\t\t\t\t<h1 class=\"elementor-heading-title elementor-size-default\">Tukea vientiin<\/h1>\t\t\t\t<\/div>\n\t\t\t\t<div class=\"elementor-element elementor-element-b095918 elementor-widget elementor-widget-text-editor\" data-id=\"b095918\" data-element_type=\"widget\" data-e-type=\"widget\" data-widget_type=\"text-editor.default\">\n\t\t\t\t\t\t\t\t\t<p>Jokainen vientimatka alkaa ensiaskeleista. Autamme yrityksi\u00e4 rakentamaan selke\u00e4n polun kansainv\u00e4lisille markkinoille \u2013 alkaen markkinavalinnasta ja strategian kirkastamisesta aina ensimm\u00e4isiin ostajakontakteihin asti. Tarjoamme k\u00e4yt\u00e4nn\u00f6n tukea, joka vie suunnitelmat toteutukseen.<\/p>\t\t\t\t\t\t\t\t<\/div>\n\t\t\t\t\t<\/div>\n\t\t<\/div>\n\t\t\t\t\t<\/div>\n\t\t<\/section>\n\t\t\t\t<section class=\"elementor-section elementor-top-section elementor-element elementor-element-222c000 elementor-section-boxed elementor-section-height-default elementor-section-height-default\" data-id=\"222c000\" data-element_type=\"section\" data-e-type=\"section\" data-settings=\"{&quot;background_background&quot;:&quot;classic&quot;}\">\n\t\t\t\t\t\t<div class=\"elementor-container elementor-column-gap-default\">\n\t\t\t\t\t<div class=\"elementor-column elementor-col-100 elementor-top-column elementor-element elementor-element-c753982\" data-id=\"c753982\" data-element_type=\"column\" data-e-type=\"column\">\n\t\t\t<div class=\"elementor-widget-wrap elementor-element-populated\">\n\t\t\t\t\t\t<div class=\"elementor-element elementor-element-a00538a elementor-widget elementor-widget-heading\" data-id=\"a00538a\" data-element_type=\"widget\" data-e-type=\"widget\" data-widget_type=\"heading.default\">\n\t\t\t\t\t<h2 class=\"elementor-heading-title elementor-size-default\">Kasvata verkostojasi<\/h2>\t\t\t\t<\/div>\n\t\t\t\t<div class=\"elementor-element elementor-element-7a89ce3 elementor-widget elementor-widget-text-editor\" data-id=\"7a89ce3\" data-element_type=\"widget\" data-e-type=\"widget\" data-widget_type=\"text-editor.default\">\n\t\t\t\t\t\t\t\t\t<p>Vienti ei tapahdu yksin. Verkostomme kautta saat yhteyksi\u00e4 potentiaalisiin kumppaneihin, ostajiin ja asiantuntijoihin eri markkinoilla. Tuomme yhteen yritykset, jotka haluavat kasvaa ja l\u00f6yt\u00e4\u00e4 oikeat kumppanit menestykseen ulkomailla.<\/p>\t\t\t\t\t\t\t\t<\/div>\n\t\t\t\t<div class=\"elementor-element elementor-element-662a568 elementor-widget elementor-widget-heading\" data-id=\"662a568\" data-element_type=\"widget\" data-e-type=\"widget\" data-widget_type=\"heading.default\">\n\t\t\t\t\t<h2 class=\"elementor-heading-title elementor-size-default\">Tietoa markkinoinnista<\/h2>\t\t\t\t<\/div>\n\t\t\t\t<div class=\"elementor-element elementor-element-bfc392c elementor-widget elementor-widget-text-editor\" data-id=\"bfc392c\" data-element_type=\"widget\" data-e-type=\"widget\" data-widget_type=\"text-editor.default\">\n\t\t\t\t\t\t\t\t\t<p>Onnistunut vienti edellytt\u00e4\u00e4 my\u00f6s oikeaa viesti\u00e4 ja n\u00e4kyvyytt\u00e4. Tarjoamme ajankohtaista tietoa kansainv\u00e4lisest\u00e4 markkinoinnista: parhaat kanavat, kulttuuriset erot ja toimivat k\u00e4yt\u00e4nn\u00f6t. N\u00e4in varmistamme, ett\u00e4 tuotteesi tai palvelusi l\u00f6yt\u00e4\u00e4 tiens\u00e4 oikean yleis\u00f6n eteen.<\/p>\t\t\t\t\t\t\t\t<\/div>\n\t\t\t\t<div class=\"elementor-element elementor-element-4a986d3 elementor-widget elementor-widget-heading\" data-id=\"4a986d3\" data-element_type=\"widget\" data-e-type=\"widget\" data-widget_type=\"heading.default\">\n\t\t\t\t\t<h2 class=\"elementor-heading-title elementor-size-default\">Vientikoulutusta<\/h2>\t\t\t\t<\/div>\n\t\t\t\t<div class=\"elementor-element elementor-element-2057064 elementor-widget elementor-widget-text-editor\" data-id=\"2057064\" data-element_type=\"widget\" data-e-type=\"widget\" data-widget_type=\"text-editor.default\">\n\t\t\t\t\t\t\t\t\t<p>Tarjoamme koulutuksia, joissa pureudutaan vientiprosessin eri vaiheisiin \u2013 markkinoiden valinnasta sopimusneuvotteluihin. Koulutuksemme antavat tiimillesi k\u00e4yt\u00e4nn\u00f6n ty\u00f6kaluja, ajankohtaista tietoa ja rohkeutta l\u00e4hte\u00e4 kansainv\u00e4lisille markkinoille.<\/p>\t\t\t\t\t\t\t\t<\/div>\n\t\t\t\t<div class=\"elementor-element elementor-element-c6fc0a0 elementor-widget elementor-widget-heading\" data-id=\"c6fc0a0\" data-element_type=\"widget\" data-e-type=\"widget\" data-widget_type=\"heading.default\">\n\t\t\t\t\t<h2 class=\"elementor-heading-title elementor-size-default\">Neuvontaa<\/h2>\t\t\t\t<\/div>\n\t\t\t\t<div class=\"elementor-element elementor-element-418f9fe elementor-widget elementor-widget-text-editor\" data-id=\"418f9fe\" data-element_type=\"widget\" data-e-type=\"widget\" data-widget_type=\"text-editor.default\">\n\t\t\t\t\t\t\t\t\t<p>Jokainen yritys kohtaa vientimatkalla kysymyksi\u00e4 \u2013 me autamme l\u00f6yt\u00e4m\u00e4\u00e4n vastaukset. Neuvontapalvelumme kattaa mm. markkina-analyysit, rahoitusratkaisut, sopimusjuridiikan ja kulttuuriset erityispiirteet. Tavoitteemme on varmistaa, ett\u00e4 etenet oikeilla p\u00e4\u00e4t\u00f6ksill\u00e4 ja minimoit riskit.<\/p>\t\t\t\t\t\t\t\t<\/div>\n\t\t\t\t\t<\/div>\n\t\t<\/div>\n\t\t\t\t\t<\/div>\n\t\t<\/section>\n\t\t\t\t<\/div>","protected":false},"excerpt":{"rendered":"<p>Tukea vientiin Jokainen vientimatka alkaa ensiaskeleista. Autamme yrityksi\u00e4 rakentamaan selke\u00e4n polun kansainv\u00e4lisille markkinoille \u2013 alkaen markkinavalinnasta ja strategian kirkastamisesta aina [&hellip;]<\/p>\n","protected":false},"author":1,"featured_media":0,"parent":0,"menu_order":0,"comment_status":"closed","ping_status":"closed","template":"","meta":{"site-sidebar-layout":"no-sidebar","site-content-layout":"","ast-site-content-layout":"full-width-container","site-content-style":"default","site-sidebar-style":"default","ast-global-header-display":"","ast-banner-title-visibility":"","ast-main-header-display":"","ast-hfb-above-header-display":"","ast-hfb-below-header-display":"","ast-hfb-mobile-header-display":"","site-post-title":"disabled","ast-breadcrumbs-content":"","ast-featured-img":"disabled","footer-sml-layout":"","ast-disable-related-posts":"","theme-transparent-header-meta":"","adv-header-id-meta":"","stick-header-meta":"","header-above-stick-meta":"","header-main-stick-meta":"","header-below-stick-meta":"","astra-migrate-meta-layouts":"default","ast-page-background-enabled":"default","ast-page-background-meta":{"desktop":{"background-color":"var(--ast-global-color-5)","background-image":"","background-repeat":"repeat","background-position":"center center","background-size":"auto","background-attachment":"scroll","background-type":"","background-media":"","overlay-type":"","overlay-color":"","overlay-opacity":"","overlay-gradient":""},"tablet":{"background-color":"","background-image":"","background-repeat":"repeat","background-position":"center center","background-size":"auto","background-attachment":"scroll","background-type":"","background-media":"","overlay-type":"","overlay-color":"","overlay-opacity":"","overlay-gradient":""},"mobile":{"background-color":"","background-image":"","background-repeat":"repeat","background-position":"center center","background-size":"auto","background-attachment":"scroll","background-type":"","background-media":"","overlay-type":"","overlay-color":"","overlay-opacity":"","overlay-gradient":""}},"ast-content-background-meta":{"desktop":{"background-color":"var(--ast-global-color-4)","background-image":"","background-repeat":"repeat","background-position":"center center","background-size":"auto","background-attachment":"scroll","background-type":"","background-media":"","overlay-type":"","overlay-color":"","overlay-opacity":"","overlay-gradient":""},"tablet":{"background-color":"var(--ast-global-color-4)","background-image":"","background-repeat":"repeat","background-position":"center center","background-size":"auto","background-attachment":"scroll","background-type":"","background-media":"","overlay-type":"","overlay-color":"","overlay-opacity":"","overlay-gradient":""},"mobile":{"background-color":"var(--ast-global-color-4)","background-image":"","background-repeat":"repeat","background-position":"center center","background-size":"auto","background-attachment":"scroll","background-type":"","background-media":"","overlay-type":"","overlay-color":"","overlay-opacity":"","overlay-gradient":""}},"footnotes":""},"class_list":["post-114","page","type-page","status-publish","hentry"],"yoast_head":"<!-- This site is optimized with the Yoast SEO plugin v27.5 - https:\/\/yoast.com\/product\/yoast-seo-wordpress\/ -->\n<title>Tukea vientiin - vienninedistajat.fi<\/title>\n<meta name=\"robots\" content=\"index, follow, max-snippet:-1, max-image-preview:large, max-video-preview:-1\" \/>\n<link rel=\"canonical\" href=\"https:\/\/vienninedistajat.fi\/en\/tukea-vientiin\/\" \/>\n<meta property=\"og:locale\" content=\"en_GB\" \/>\n<meta property=\"og:type\" content=\"article\" \/>\n<meta property=\"og:title\" content=\"Tukea vientiin - vienninedistajat.fi\" \/>\n<meta property=\"og:description\" content=\"Tukea vientiin Jokainen vientimatka alkaa ensiaskeleista. Autamme yrityksi\u00e4 rakentamaan selke\u00e4n polun kansainv\u00e4lisille markkinoille \u2013 alkaen markkinavalinnasta ja strategian kirkastamisesta aina [&hellip;]\" \/>\n<meta property=\"og:url\" content=\"https:\/\/vienninedistajat.fi\/en\/tukea-vientiin\/\" \/>\n<meta property=\"og:site_name\" content=\"vienninedistajat.fi\" \/>\n<meta property=\"article:modified_time\" content=\"2025-08-26T09:08:41+00:00\" \/>\n<meta name=\"twitter:card\" content=\"summary_large_image\" \/>\n<meta name=\"twitter:label1\" content=\"Estimated reading time\" \/>\n\t<meta name=\"twitter:data1\" content=\"1 minute\" \/>\n<script type=\"application\/ld+json\" class=\"yoast-schema-graph\">{\"@context\":\"https:\\\/\\\/schema.org\",\"@graph\":[{\"@type\":\"WebPage\",\"@id\":\"https:\\\/\\\/vienninedistajat.fi\\\/tukea-vientiin\\\/\",\"url\":\"https:\\\/\\\/vienninedistajat.fi\\\/tukea-vientiin\\\/\",\"name\":\"Tukea vientiin - vienninedistajat.fi\",\"isPartOf\":{\"@id\":\"https:\\\/\\\/vienninedistajat.fi\\\/#website\"},\"datePublished\":\"2025-08-06T05:10:49+00:00\",\"dateModified\":\"2025-08-26T09:08:41+00:00\",\"breadcrumb\":{\"@id\":\"https:\\\/\\\/vienninedistajat.fi\\\/tukea-vientiin\\\/#breadcrumb\"},\"inLanguage\":\"en-GB\",\"potentialAction\":[{\"@type\":\"ReadAction\",\"target\":[\"https:\\\/\\\/vienninedistajat.fi\\\/tukea-vientiin\\\/\"]}]},{\"@type\":\"BreadcrumbList\",\"@id\":\"https:\\\/\\\/vienninedistajat.fi\\\/tukea-vientiin\\\/#breadcrumb\",\"itemListElement\":[{\"@type\":\"ListItem\",\"position\":1,\"name\":\"Home\",\"item\":\"https:\\\/\\\/vienninedistajat.fi\\\/\"},{\"@type\":\"ListItem\",\"position\":2,\"name\":\"Tukea vientiin\"}]},{\"@type\":\"WebSite\",\"@id\":\"https:\\\/\\\/vienninedistajat.fi\\\/#website\",\"url\":\"https:\\\/\\\/vienninedistajat.fi\\\/\",\"name\":\"vienninedistajat.fi\",\"description\":\"\",\"publisher\":{\"@id\":\"https:\\\/\\\/vienninedistajat.fi\\\/#organization\"},\"potentialAction\":[{\"@type\":\"SearchAction\",\"target\":{\"@type\":\"EntryPoint\",\"urlTemplate\":\"https:\\\/\\\/vienninedistajat.fi\\\/?s={search_term_string}\"},\"query-input\":{\"@type\":\"PropertyValueSpecification\",\"valueRequired\":true,\"valueName\":\"search_term_string\"}}],\"inLanguage\":\"en-GB\"},{\"@type\":\"Organization\",\"@id\":\"https:\\\/\\\/vienninedistajat.fi\\\/#organization\",\"name\":\"vienninedistajat.fi\",\"url\":\"https:\\\/\\\/vienninedistajat.fi\\\/\",\"logo\":{\"@type\":\"ImageObject\",\"inLanguage\":\"en-GB\",\"@id\":\"https:\\\/\\\/vienninedistajat.fi\\\/#\\\/schema\\\/logo\\\/image\\\/\",\"url\":\"https:\\\/\\\/vienninedistajat.fi\\\/wp-content\\\/uploads\\\/2025\\\/08\\\/Vienninedistajat-ry-logo.png\",\"contentUrl\":\"https:\\\/\\\/vienninedistajat.fi\\\/wp-content\\\/uploads\\\/2025\\\/08\\\/Vienninedistajat-ry-logo.png\",\"width\":80,\"height\":100,\"caption\":\"vienninedistajat.fi\"},\"image\":{\"@id\":\"https:\\\/\\\/vienninedistajat.fi\\\/#\\\/schema\\\/logo\\\/image\\\/\"}}]}<\/script>\n<!-- \/ Yoast SEO plugin. -->","yoast_head_json":{"title":"Tukea vientiin - vienninedistajat.fi","robots":{"index":"index","follow":"follow","max-snippet":"max-snippet:-1","max-image-preview":"max-image-preview:large","max-video-preview":"max-video-preview:-1"},"canonical":"https:\/\/vienninedistajat.fi\/en\/tukea-vientiin\/","og_locale":"en_GB","og_type":"article","og_title":"Tukea vientiin - vienninedistajat.fi","og_description":"Tukea vientiin Jokainen vientimatka alkaa ensiaskeleista. Autamme yrityksi\u00e4 rakentamaan selke\u00e4n polun kansainv\u00e4lisille markkinoille \u2013 alkaen markkinavalinnasta ja strategian kirkastamisesta aina [&hellip;]","og_url":"https:\/\/vienninedistajat.fi\/en\/tukea-vientiin\/","og_site_name":"vienninedistajat.fi","article_modified_time":"2025-08-26T09:08:41+00:00","twitter_card":"summary_large_image","twitter_misc":{"Estimated reading time":"1 minute"},"schema":{"@context":"https:\/\/schema.org","@graph":[{"@type":"WebPage","@id":"https:\/\/vienninedistajat.fi\/tukea-vientiin\/","url":"https:\/\/vienninedistajat.fi\/tukea-vientiin\/","name":"Tukea vientiin - vienninedistajat.fi","isPartOf":{"@id":"https:\/\/vienninedistajat.fi\/#website"},"datePublished":"2025-08-06T05:10:49+00:00","dateModified":"2025-08-26T09:08:41+00:00","breadcrumb":{"@id":"https:\/\/vienninedistajat.fi\/tukea-vientiin\/#breadcrumb"},"inLanguage":"en-GB","potentialAction":[{"@type":"ReadAction","target":["https:\/\/vienninedistajat.fi\/tukea-vientiin\/"]}]},{"@type":"BreadcrumbList","@id":"https:\/\/vienninedistajat.fi\/tukea-vientiin\/#breadcrumb","itemListElement":[{"@type":"ListItem","position":1,"name":"Home","item":"https:\/\/vienninedistajat.fi\/"},{"@type":"ListItem","position":2,"name":"Tukea vientiin"}]},{"@type":"WebSite","@id":"https:\/\/vienninedistajat.fi\/#website","url":"https:\/\/vienninedistajat.fi\/","name":"vienninedistajat.fi","description":"","publisher":{"@id":"https:\/\/vienninedistajat.fi\/#organization"},"potentialAction":[{"@type":"SearchAction","target":{"@type":"EntryPoint","urlTemplate":"https:\/\/vienninedistajat.fi\/?s={search_term_string}"},"query-input":{"@type":"PropertyValueSpecification","valueRequired":true,"valueName":"search_term_string"}}],"inLanguage":"en-GB"},{"@type":"Organization","@id":"https:\/\/vienninedistajat.fi\/#organization","name":"vienninedistajat.fi","url":"https:\/\/vienninedistajat.fi\/","logo":{"@type":"ImageObject","inLanguage":"en-GB","@id":"https:\/\/vienninedistajat.fi\/#\/schema\/logo\/image\/","url":"https:\/\/vienninedistajat.fi\/wp-content\/uploads\/2025\/08\/Vienninedistajat-ry-logo.png","contentUrl":"https:\/\/vienninedistajat.fi\/wp-content\/uploads\/2025\/08\/Vienninedistajat-ry-logo.png","width":80,"height":100,"caption":"vienninedistajat.fi"},"image":{"@id":"https:\/\/vienninedistajat.fi\/#\/schema\/logo\/image\/"}}]}},"_links":{"self":[{"href":"https:\/\/vienninedistajat.fi\/en\/wp-json\/wp\/v2\/pages\/114","targetHints":{"allow":["GET"]}}],"collection":[{"href":"https:\/\/vienninedistajat.fi\/en\/wp-json\/wp\/v2\/pages"}],"about":[{"href":"https:\/\/vienninedistajat.fi\/en\/wp-json\/wp\/v2\/types\/page"}],"author":[{"embeddable":true,"href":"https:\/\/vienninedistajat.fi\/en\/wp-json\/wp\/v2\/users\/1"}],"replies":[{"embeddable":true,"href":"https:\/\/vienninedistajat.fi\/en\/wp-json\/wp\/v2\/comments?post=114"}],"version-history":[{"count":16,"href":"https:\/\/vienninedistajat.fi\/en\/wp-json\/wp\/v2\/pages\/114\/revisions"}],"predecessor-version":[{"id":263,"href":"https:\/\/vienninedistajat.fi\/en\/wp-json\/wp\/v2\/pages\/114\/revisions\/263"}],"wp:attachment":[{"href":"https:\/\/vienninedistajat.fi\/en\/wp-json\/wp\/v2\/media?parent=114"}],"curies":[{"name":"wp","href":"https:\/\/api.w.org\/{rel}","templated":true}]}}