{"id":12,"date":"2025-08-05T05:38:49","date_gmt":"2025-08-05T05:38:49","guid":{"rendered":"https:\/\/vienninedistajat.fi\/?page_id=12"},"modified":"2025-08-31T19:16:38","modified_gmt":"2025-08-31T19:16:38","slug":"etusivu","status":"publish","type":"page","link":"https:\/\/vienninedistajat.fi\/en\/","title":{"rendered":"Etusivu"},"content":{"rendered":"<div data-elementor-type=\"wp-page\" data-elementor-id=\"12\" class=\"elementor elementor-12\" data-elementor-post-type=\"page\">\n\t\t\t\t\t\t<section class=\"elementor-section elementor-top-section elementor-element elementor-element-4eb2279 elementor-section-boxed elementor-section-height-default elementor-section-height-default\" data-id=\"4eb2279\" data-element_type=\"section\" data-e-type=\"section\">\n\t\t\t\t\t\t<div class=\"elementor-container elementor-column-gap-default\">\n\t\t\t\t\t<div class=\"elementor-column elementor-col-100 elementor-top-column elementor-element elementor-element-f1631ec\" data-id=\"f1631ec\" data-element_type=\"column\" data-e-type=\"column\">\n\t\t\t<div class=\"elementor-widget-wrap elementor-element-populated\">\n\t\t\t\t\t\t<div class=\"elementor-element elementor-element-bdd6867 elementor-widget elementor-widget-heading\" data-id=\"bdd6867\" data-element_type=\"widget\" data-e-type=\"widget\" data-widget_type=\"heading.default\">\n\t\t\t\t\t<h1 class=\"elementor-heading-title elementor-size-default\">Opening soon!<\/h1>\t\t\t\t<\/div>\n\t\t\t\t\t<\/div>\n\t\t<\/div>\n\t\t\t\t\t<\/div>\n\t\t<\/section>\n\t\t\t\t<section class=\"elementor-section elementor-top-section elementor-element elementor-element-1697d1c elementor-section-boxed elementor-section-height-default elementor-section-height-default\" data-id=\"1697d1c\" data-element_type=\"section\" data-e-type=\"section\" data-settings=\"{&quot;background_background&quot;:&quot;classic&quot;}\">\n\t\t\t\t\t\t<div class=\"elementor-container elementor-column-gap-default\">\n\t\t\t\t\t<div class=\"elementor-column elementor-col-100 elementor-top-column elementor-element elementor-element-1e305b5\" data-id=\"1e305b5\" data-element_type=\"column\" data-e-type=\"column\">\n\t\t\t<div class=\"elementor-widget-wrap elementor-element-populated\">\n\t\t\t\t\t\t<div class=\"elementor-element elementor-element-f9f7bab elementor-widget elementor-widget-heading\" data-id=\"f9f7bab\" data-element_type=\"widget\" data-e-type=\"widget\" data-widget_type=\"heading.default\">\n\t\t\t\t\t<h1 class=\"elementor-heading-title elementor-size-default\">Vienninedist\u00e4j\u00e4t ry<\/h1>\t\t\t\t<\/div>\n\t\t\t\t<div class=\"elementor-element elementor-element-b095918 elementor-widget elementor-widget-text-editor\" data-id=\"b095918\" data-element_type=\"widget\" data-e-type=\"widget\" data-widget_type=\"text-editor.default\">\n\t\t\t\t\t\t\t\t\t<p>Autamme pk-yrityksi\u00e4 l\u00f6yt\u00e4m\u00e4\u00e4n parhaat kohdemarkkinat ja ensimm\u00e4iset asiakkaat. Yhdist\u00e4mme markkinatiedon, verkostot ja k\u00e4yt\u00e4nn\u00f6n sparrauksen, jotta vienti ei j\u00e4\u00e4 suunnitelmaksi \u2013 vaan muuttuu todellisiksi kaupoiksi. Tavoitteenamme on tehd\u00e4 viennist\u00e4 toistettavaa ja kannattavaa.<\/p>\t\t\t\t\t\t\t\t<\/div>\n\t\t\t\t<div class=\"elementor-element elementor-element-2136d93 elementor-absolute elementor-widget elementor-widget-image\" data-id=\"2136d93\" data-element_type=\"widget\" data-e-type=\"widget\" data-settings=\"{&quot;_position&quot;:&quot;absolute&quot;}\" data-widget_type=\"image.default\">\n\t\t\t\t\t\t\t\t\t\t\t\t\t\t\t<img fetchpriority=\"high\" decoding=\"async\" width=\"2560\" height=\"1707\" src=\"https:\/\/vienninedistajat.fi\/wp-content\/uploads\/2025\/08\/AdobeStock_618939677-scaled.jpeg\" class=\"attachment-full size-full wp-image-284\" alt=\"\" srcset=\"https:\/\/vienninedistajat.fi\/wp-content\/uploads\/2025\/08\/AdobeStock_618939677-scaled.jpeg 2560w, https:\/\/vienninedistajat.fi\/wp-content\/uploads\/2025\/08\/AdobeStock_618939677-300x200.jpeg 300w, https:\/\/vienninedistajat.fi\/wp-content\/uploads\/2025\/08\/AdobeStock_618939677-1024x683.jpeg 1024w, https:\/\/vienninedistajat.fi\/wp-content\/uploads\/2025\/08\/AdobeStock_618939677-768x512.jpeg 768w, https:\/\/vienninedistajat.fi\/wp-content\/uploads\/2025\/08\/AdobeStock_618939677-1536x1024.jpeg 1536w, https:\/\/vienninedistajat.fi\/wp-content\/uploads\/2025\/08\/AdobeStock_618939677-2048x1365.jpeg 2048w, https:\/\/vienninedistajat.fi\/wp-content\/uploads\/2025\/08\/AdobeStock_618939677-18x12.jpeg 18w\" sizes=\"(max-width: 2560px) 100vw, 2560px\" \/>\t\t\t\t\t\t\t\t\t\t\t\t\t\t\t<\/div>\n\t\t\t\t\t<\/div>\n\t\t<\/div>\n\t\t\t\t\t<\/div>\n\t\t<\/section>\n\t\t\t\t<section class=\"elementor-section elementor-top-section elementor-element elementor-element-222c000 elementor-section-boxed elementor-section-height-default elementor-section-height-default\" data-id=\"222c000\" data-element_type=\"section\" data-e-type=\"section\" data-settings=\"{&quot;background_background&quot;:&quot;classic&quot;}\">\n\t\t\t\t\t\t<div class=\"elementor-container elementor-column-gap-default\">\n\t\t\t\t\t<div class=\"elementor-column elementor-col-100 elementor-top-column elementor-element elementor-element-09d0091\" data-id=\"09d0091\" data-element_type=\"column\" data-e-type=\"column\">\n\t\t\t<div class=\"elementor-widget-wrap elementor-element-populated\">\n\t\t\t\t\t\t<div class=\"elementor-element elementor-element-88f24d9 elementor-widget elementor-widget-heading\" data-id=\"88f24d9\" data-element_type=\"widget\" data-e-type=\"widget\" data-widget_type=\"heading.default\">\n\t\t\t\t\t<h2 class=\"elementor-heading-title elementor-size-default\"><br><br>Rakennamme siltoja kansainv\u00e4lisille <br>markkinoille<\/h2>\t\t\t\t<\/div>\n\t\t\t\t<section class=\"elementor-section elementor-inner-section elementor-element elementor-element-b9876a1 elementor-section-boxed elementor-section-height-default elementor-section-height-default\" data-id=\"b9876a1\" data-element_type=\"section\" data-e-type=\"section\">\n\t\t\t\t\t\t<div class=\"elementor-container elementor-column-gap-default\">\n\t\t\t\t\t<div class=\"elementor-column elementor-col-50 elementor-inner-column elementor-element elementor-element-d416e6a\" data-id=\"d416e6a\" data-element_type=\"column\" data-e-type=\"column\">\n\t\t\t<div class=\"elementor-widget-wrap elementor-element-populated\">\n\t\t\t\t\t\t<div class=\"elementor-element elementor-element-a186219 elementor-widget elementor-widget-heading\" data-id=\"a186219\" data-element_type=\"widget\" data-e-type=\"widget\" data-widget_type=\"heading.default\">\n\t\t\t\t\t<h3 class=\"elementor-heading-title elementor-size-default\">Tukea vientiin<\/h3>\t\t\t\t<\/div>\n\t\t\t\t<div class=\"elementor-element elementor-element-059c1d2 elementor-widget elementor-widget-text-editor\" data-id=\"059c1d2\" data-element_type=\"widget\" data-e-type=\"widget\" data-widget_type=\"text-editor.default\">\n\t\t\t\t\t\t\t\t\t<p>Saat selke\u00e4t askeleet markkinoiden valintaan, ostajakontaktien rakentamiseen ja viennin k\u00e4yt\u00e4nn\u00f6n toteutukseen. Emme j\u00e4t\u00e4 sinua yksin, vaan kuljemme rinnallasi.<\/p>\t\t\t\t\t\t\t\t<\/div>\n\t\t\t\t\t<\/div>\n\t\t<\/div>\n\t\t\t\t<div class=\"elementor-column elementor-col-50 elementor-inner-column elementor-element elementor-element-9febd74\" data-id=\"9febd74\" data-element_type=\"column\" data-e-type=\"column\">\n\t\t\t<div class=\"elementor-widget-wrap elementor-element-populated\">\n\t\t\t\t\t\t<div class=\"elementor-element elementor-element-7bcc7aa elementor-widget elementor-widget-heading\" data-id=\"7bcc7aa\" data-element_type=\"widget\" data-e-type=\"widget\" data-widget_type=\"heading.default\">\n\t\t\t\t\t<h3 class=\"elementor-heading-title elementor-size-default\">Palvelut<\/h3>\t\t\t\t<\/div>\n\t\t\t\t<div class=\"elementor-element elementor-element-7d9e0f3 elementor-widget elementor-widget-text-editor\" data-id=\"7d9e0f3\" data-element_type=\"widget\" data-e-type=\"widget\" data-widget_type=\"text-editor.default\">\n\t\t\t\t\t\t\t\t\t<p data-start=\"477\" data-end=\"641\">Tarjoamme sparrauksia, ty\u00f6pajoja, markkinaselvityksi\u00e4 sek\u00e4 kumppani- ja asiakashakuja. Palvelumme on suunniteltu tekem\u00e4\u00e4n viennist\u00e4 toistettavaa ja kannattavaa.<\/p>\t\t\t\t\t\t\t\t<\/div>\n\t\t\t\t\t<\/div>\n\t\t<\/div>\n\t\t\t\t\t<\/div>\n\t\t<\/section>\n\t\t\t\t<section class=\"elementor-section elementor-inner-section elementor-element elementor-element-57a5c6b elementor-section-boxed elementor-section-height-default elementor-section-height-default\" data-id=\"57a5c6b\" data-element_type=\"section\" data-e-type=\"section\">\n\t\t\t\t\t\t<div class=\"elementor-container elementor-column-gap-default\">\n\t\t\t\t\t<div class=\"elementor-column elementor-col-50 elementor-inner-column elementor-element elementor-element-ae39e80\" data-id=\"ae39e80\" data-element_type=\"column\" data-e-type=\"column\">\n\t\t\t<div class=\"elementor-widget-wrap elementor-element-populated\">\n\t\t\t\t\t\t<div class=\"elementor-element elementor-element-e8f0962 elementor-widget elementor-widget-heading\" data-id=\"e8f0962\" data-element_type=\"widget\" data-e-type=\"widget\" data-widget_type=\"heading.default\">\n\t\t\t\t\t<h3 class=\"elementor-heading-title elementor-size-default\">Liity j\u00e4seneksi<\/h3>\t\t\t\t<\/div>\n\t\t\t\t<div class=\"elementor-element elementor-element-3c94420 elementor-widget elementor-widget-text-editor\" data-id=\"3c94420\" data-element_type=\"widget\" data-e-type=\"widget\" data-widget_type=\"text-editor.default\">\n\t\t\t\t\t\t\t\t\t<p>J\u00e4senyys tuo p\u00e4\u00e4syn verkostoihin, kontakteihin ja ty\u00f6kaluihin, joiden avulla viet tuotteesi kansainv\u00e4lisille markkinoille nopeammin. Liity mukaan ja aloita kasvu!<\/p>\t\t\t\t\t\t\t\t<\/div>\n\t\t\t\t\t<\/div>\n\t\t<\/div>\n\t\t\t\t<div class=\"elementor-column elementor-col-50 elementor-inner-column elementor-element elementor-element-72306d7\" data-id=\"72306d7\" data-element_type=\"column\" data-e-type=\"column\">\n\t\t\t<div class=\"elementor-widget-wrap elementor-element-populated\">\n\t\t\t\t\t\t<div class=\"elementor-element elementor-element-feeddd5 elementor-widget elementor-widget-heading\" data-id=\"feeddd5\" data-element_type=\"widget\" data-e-type=\"widget\" data-widget_type=\"heading.default\">\n\t\t\t\t\t<h3 class=\"elementor-heading-title elementor-size-default\">Yhteystiedot<\/h3>\t\t\t\t<\/div>\n\t\t\t\t<div class=\"elementor-element elementor-element-24e9e4c elementor-widget elementor-widget-text-editor\" data-id=\"24e9e4c\" data-element_type=\"widget\" data-e-type=\"widget\" data-widget_type=\"text-editor.default\">\n\t\t\t\t\t\t\t\t\t<p>Haluatko kuulla lis\u00e4\u00e4? Ota meihin yhteytt\u00e4 ja sovitaan maksuton sparraus. Rakennetaan yhdess\u00e4 polku vientiin. Ota yhteytt\u00e4 meihin <strong>t\u00e4\u00e4lt\u00e4.<\/strong><\/p>\t\t\t\t\t\t\t\t<\/div>\n\t\t\t\t\t<\/div>\n\t\t<\/div>\n\t\t\t\t\t<\/div>\n\t\t<\/section>\n\t\t\t\t\t<\/div>\n\t\t<\/div>\n\t\t\t\t\t<\/div>\n\t\t<\/section>\n\t\t\t\t<\/div>","protected":false},"excerpt":{"rendered":"<p>Avataan pian! Vienninedist\u00e4j\u00e4t ry Autamme pk-yrityksi\u00e4 l\u00f6yt\u00e4m\u00e4\u00e4n parhaat kohdemarkkinat ja ensimm\u00e4iset asiakkaat. Yhdist\u00e4mme markkinatiedon, verkostot ja k\u00e4yt\u00e4nn\u00f6n sparrauksen, jotta vienti [&hellip;]<\/p>\n","protected":false},"author":1,"featured_media":0,"parent":0,"menu_order":0,"comment_status":"closed","ping_status":"closed","template":"","meta":{"site-sidebar-layout":"no-sidebar","site-content-layout":"","ast-site-content-layout":"full-width-container","site-content-style":"default","site-sidebar-style":"default","ast-global-header-display":"","ast-banner-title-visibility":"","ast-main-header-display":"","ast-hfb-above-header-display":"","ast-hfb-below-header-display":"","ast-hfb-mobile-header-display":"","site-post-title":"disabled","ast-breadcrumbs-content":"","ast-featured-img":"disabled","footer-sml-layout":"","ast-disable-related-posts":"","theme-transparent-header-meta":"","adv-header-id-meta":"","stick-header-meta":"","header-above-stick-meta":"","header-main-stick-meta":"","header-below-stick-meta":"","astra-migrate-meta-layouts":"default","ast-page-background-enabled":"default","ast-page-background-meta":{"desktop":{"background-color":"var(--ast-global-color-5)","background-image":"","background-repeat":"repeat","background-position":"center center","background-size":"auto","background-attachment":"scroll","background-type":"","background-media":"","overlay-type":"","overlay-color":"","overlay-opacity":"","overlay-gradient":""},"tablet":{"background-color":"","background-image":"","background-repeat":"repeat","background-position":"center center","background-size":"auto","background-attachment":"scroll","background-type":"","background-media":"","overlay-type":"","overlay-color":"","overlay-opacity":"","overlay-gradient":""},"mobile":{"background-color":"","background-image":"","background-repeat":"repeat","background-position":"center center","background-size":"auto","background-attachment":"scroll","background-type":"","background-media":"","overlay-type":"","overlay-color":"","overlay-opacity":"","overlay-gradient":""}},"ast-content-background-meta":{"desktop":{"background-color":"var(--ast-global-color-4)","background-image":"","background-repeat":"repeat","background-position":"center center","background-size":"auto","background-attachment":"scroll","background-type":"","background-media":"","overlay-type":"","overlay-color":"","overlay-opacity":"","overlay-gradient":""},"tablet":{"background-color":"var(--ast-global-color-4)","background-image":"","background-repeat":"repeat","background-position":"center center","background-size":"auto","background-attachment":"scroll","background-type":"","background-media":"","overlay-type":"","overlay-color":"","overlay-opacity":"","overlay-gradient":""},"mobile":{"background-color":"var(--ast-global-color-4)","background-image":"","background-repeat":"repeat","background-position":"center center","background-size":"auto","background-attachment":"scroll","background-type":"","background-media":"","overlay-type":"","overlay-color":"","overlay-opacity":"","overlay-gradient":""}},"footnotes":""},"class_list":["post-12","page","type-page","status-publish","hentry"],"yoast_head":"<!-- This site is optimized with the Yoast SEO plugin v27.5 - https:\/\/yoast.com\/product\/yoast-seo-wordpress\/ -->\n<title>Etusivu - vienninedistajat.fi<\/title>\n<meta name=\"robots\" content=\"index, follow, max-snippet:-1, max-image-preview:large, max-video-preview:-1\" \/>\n<link rel=\"canonical\" href=\"https:\/\/vienninedistajat.fi\/en\/\" \/>\n<meta property=\"og:locale\" content=\"en_GB\" \/>\n<meta property=\"og:type\" content=\"article\" \/>\n<meta property=\"og:title\" content=\"Etusivu - vienninedistajat.fi\" \/>\n<meta property=\"og:description\" content=\"Avataan pian! Vienninedist\u00e4j\u00e4t ry Autamme pk-yrityksi\u00e4 l\u00f6yt\u00e4m\u00e4\u00e4n parhaat kohdemarkkinat ja ensimm\u00e4iset asiakkaat. Yhdist\u00e4mme markkinatiedon, verkostot ja k\u00e4yt\u00e4nn\u00f6n sparrauksen, jotta vienti [&hellip;]\" \/>\n<meta property=\"og:url\" content=\"https:\/\/vienninedistajat.fi\/en\/\" \/>\n<meta property=\"og:site_name\" content=\"vienninedistajat.fi\" \/>\n<meta property=\"article:modified_time\" content=\"2025-08-31T19:16:38+00:00\" \/>\n<meta property=\"og:image\" content=\"https:\/\/vienninedistajat.fi\/wp-content\/uploads\/2025\/08\/AdobeStock_618939677-scaled.jpeg\" \/>\n<meta name=\"twitter:card\" content=\"summary_large_image\" \/>\n<meta name=\"twitter:label1\" content=\"Estimated reading time\" \/>\n\t<meta name=\"twitter:data1\" content=\"1 minute\" \/>\n<script type=\"application\/ld+json\" class=\"yoast-schema-graph\">{\"@context\":\"https:\\\/\\\/schema.org\",\"@graph\":[{\"@type\":\"WebPage\",\"@id\":\"https:\\\/\\\/vienninedistajat.fi\\\/\",\"url\":\"https:\\\/\\\/vienninedistajat.fi\\\/\",\"name\":\"Etusivu - vienninedistajat.fi\",\"isPartOf\":{\"@id\":\"https:\\\/\\\/vienninedistajat.fi\\\/#website\"},\"primaryImageOfPage\":{\"@id\":\"https:\\\/\\\/vienninedistajat.fi\\\/#primaryimage\"},\"image\":{\"@id\":\"https:\\\/\\\/vienninedistajat.fi\\\/#primaryimage\"},\"thumbnailUrl\":\"https:\\\/\\\/vienninedistajat.fi\\\/wp-content\\\/uploads\\\/2025\\\/08\\\/AdobeStock_618939677-scaled.jpeg\",\"datePublished\":\"2025-08-05T05:38:49+00:00\",\"dateModified\":\"2025-08-31T19:16:38+00:00\",\"breadcrumb\":{\"@id\":\"https:\\\/\\\/vienninedistajat.fi\\\/#breadcrumb\"},\"inLanguage\":\"en-GB\",\"potentialAction\":[{\"@type\":\"ReadAction\",\"target\":[\"https:\\\/\\\/vienninedistajat.fi\\\/\"]}]},{\"@type\":\"ImageObject\",\"inLanguage\":\"en-GB\",\"@id\":\"https:\\\/\\\/vienninedistajat.fi\\\/#primaryimage\",\"url\":\"https:\\\/\\\/vienninedistajat.fi\\\/wp-content\\\/uploads\\\/2025\\\/08\\\/AdobeStock_618939677-scaled.jpeg\",\"contentUrl\":\"https:\\\/\\\/vienninedistajat.fi\\\/wp-content\\\/uploads\\\/2025\\\/08\\\/AdobeStock_618939677-scaled.jpeg\"},{\"@type\":\"BreadcrumbList\",\"@id\":\"https:\\\/\\\/vienninedistajat.fi\\\/#breadcrumb\",\"itemListElement\":[{\"@type\":\"ListItem\",\"position\":1,\"name\":\"Home\",\"item\":\"https:\\\/\\\/vienninedistajat.fi\\\/\"},{\"@type\":\"ListItem\",\"position\":2,\"name\":\"Etusivu\"}]},{\"@type\":\"WebSite\",\"@id\":\"https:\\\/\\\/vienninedistajat.fi\\\/#website\",\"url\":\"https:\\\/\\\/vienninedistajat.fi\\\/\",\"name\":\"vienninedistajat.fi\",\"description\":\"\",\"publisher\":{\"@id\":\"https:\\\/\\\/vienninedistajat.fi\\\/#organization\"},\"potentialAction\":[{\"@type\":\"SearchAction\",\"target\":{\"@type\":\"EntryPoint\",\"urlTemplate\":\"https:\\\/\\\/vienninedistajat.fi\\\/?s={search_term_string}\"},\"query-input\":{\"@type\":\"PropertyValueSpecification\",\"valueRequired\":true,\"valueName\":\"search_term_string\"}}],\"inLanguage\":\"en-GB\"},{\"@type\":\"Organization\",\"@id\":\"https:\\\/\\\/vienninedistajat.fi\\\/#organization\",\"name\":\"vienninedistajat.fi\",\"url\":\"https:\\\/\\\/vienninedistajat.fi\\\/\",\"logo\":{\"@type\":\"ImageObject\",\"inLanguage\":\"en-GB\",\"@id\":\"https:\\\/\\\/vienninedistajat.fi\\\/#\\\/schema\\\/logo\\\/image\\\/\",\"url\":\"https:\\\/\\\/vienninedistajat.fi\\\/wp-content\\\/uploads\\\/2025\\\/08\\\/Vienninedistajat-ry-logo.png\",\"contentUrl\":\"https:\\\/\\\/vienninedistajat.fi\\\/wp-content\\\/uploads\\\/2025\\\/08\\\/Vienninedistajat-ry-logo.png\",\"width\":80,\"height\":100,\"caption\":\"vienninedistajat.fi\"},\"image\":{\"@id\":\"https:\\\/\\\/vienninedistajat.fi\\\/#\\\/schema\\\/logo\\\/image\\\/\"}}]}<\/script>\n<!-- \/ Yoast SEO plugin. -->","yoast_head_json":{"title":"Etusivu - vienninedistajat.fi","robots":{"index":"index","follow":"follow","max-snippet":"max-snippet:-1","max-image-preview":"max-image-preview:large","max-video-preview":"max-video-preview:-1"},"canonical":"https:\/\/vienninedistajat.fi\/en\/","og_locale":"en_GB","og_type":"article","og_title":"Etusivu - vienninedistajat.fi","og_description":"Avataan pian! Vienninedist\u00e4j\u00e4t ry Autamme pk-yrityksi\u00e4 l\u00f6yt\u00e4m\u00e4\u00e4n parhaat kohdemarkkinat ja ensimm\u00e4iset asiakkaat. Yhdist\u00e4mme markkinatiedon, verkostot ja k\u00e4yt\u00e4nn\u00f6n sparrauksen, jotta vienti [&hellip;]","og_url":"https:\/\/vienninedistajat.fi\/en\/","og_site_name":"vienninedistajat.fi","article_modified_time":"2025-08-31T19:16:38+00:00","og_image":[{"url":"https:\/\/vienninedistajat.fi\/wp-content\/uploads\/2025\/08\/AdobeStock_618939677-scaled.jpeg","type":"","width":"","height":""}],"twitter_card":"summary_large_image","twitter_misc":{"Estimated reading time":"1 minute"},"schema":{"@context":"https:\/\/schema.org","@graph":[{"@type":"WebPage","@id":"https:\/\/vienninedistajat.fi\/","url":"https:\/\/vienninedistajat.fi\/","name":"Etusivu - vienninedistajat.fi","isPartOf":{"@id":"https:\/\/vienninedistajat.fi\/#website"},"primaryImageOfPage":{"@id":"https:\/\/vienninedistajat.fi\/#primaryimage"},"image":{"@id":"https:\/\/vienninedistajat.fi\/#primaryimage"},"thumbnailUrl":"https:\/\/vienninedistajat.fi\/wp-content\/uploads\/2025\/08\/AdobeStock_618939677-scaled.jpeg","datePublished":"2025-08-05T05:38:49+00:00","dateModified":"2025-08-31T19:16:38+00:00","breadcrumb":{"@id":"https:\/\/vienninedistajat.fi\/#breadcrumb"},"inLanguage":"en-GB","potentialAction":[{"@type":"ReadAction","target":["https:\/\/vienninedistajat.fi\/"]}]},{"@type":"ImageObject","inLanguage":"en-GB","@id":"https:\/\/vienninedistajat.fi\/#primaryimage","url":"https:\/\/vienninedistajat.fi\/wp-content\/uploads\/2025\/08\/AdobeStock_618939677-scaled.jpeg","contentUrl":"https:\/\/vienninedistajat.fi\/wp-content\/uploads\/2025\/08\/AdobeStock_618939677-scaled.jpeg"},{"@type":"BreadcrumbList","@id":"https:\/\/vienninedistajat.fi\/#breadcrumb","itemListElement":[{"@type":"ListItem","position":1,"name":"Home","item":"https:\/\/vienninedistajat.fi\/"},{"@type":"ListItem","position":2,"name":"Etusivu"}]},{"@type":"WebSite","@id":"https:\/\/vienninedistajat.fi\/#website","url":"https:\/\/vienninedistajat.fi\/","name":"vienninedistajat.fi","description":"","publisher":{"@id":"https:\/\/vienninedistajat.fi\/#organization"},"potentialAction":[{"@type":"SearchAction","target":{"@type":"EntryPoint","urlTemplate":"https:\/\/vienninedistajat.fi\/?s={search_term_string}"},"query-input":{"@type":"PropertyValueSpecification","valueRequired":true,"valueName":"search_term_string"}}],"inLanguage":"en-GB"},{"@type":"Organization","@id":"https:\/\/vienninedistajat.fi\/#organization","name":"vienninedistajat.fi","url":"https:\/\/vienninedistajat.fi\/","logo":{"@type":"ImageObject","inLanguage":"en-GB","@id":"https:\/\/vienninedistajat.fi\/#\/schema\/logo\/image\/","url":"https:\/\/vienninedistajat.fi\/wp-content\/uploads\/2025\/08\/Vienninedistajat-ry-logo.png","contentUrl":"https:\/\/vienninedistajat.fi\/wp-content\/uploads\/2025\/08\/Vienninedistajat-ry-logo.png","width":80,"height":100,"caption":"vienninedistajat.fi"},"image":{"@id":"https:\/\/vienninedistajat.fi\/#\/schema\/logo\/image\/"}}]}},"_links":{"self":[{"href":"https:\/\/vienninedistajat.fi\/en\/wp-json\/wp\/v2\/pages\/12","targetHints":{"allow":["GET"]}}],"collection":[{"href":"https:\/\/vienninedistajat.fi\/en\/wp-json\/wp\/v2\/pages"}],"about":[{"href":"https:\/\/vienninedistajat.fi\/en\/wp-json\/wp\/v2\/types\/page"}],"author":[{"embeddable":true,"href":"https:\/\/vienninedistajat.fi\/en\/wp-json\/wp\/v2\/users\/1"}],"replies":[{"embeddable":true,"href":"https:\/\/vienninedistajat.fi\/en\/wp-json\/wp\/v2\/comments?post=12"}],"version-history":[{"count":76,"href":"https:\/\/vienninedistajat.fi\/en\/wp-json\/wp\/v2\/pages\/12\/revisions"}],"predecessor-version":[{"id":287,"href":"https:\/\/vienninedistajat.fi\/en\/wp-json\/wp\/v2\/pages\/12\/revisions\/287"}],"wp:attachment":[{"href":"https:\/\/vienninedistajat.fi\/en\/wp-json\/wp\/v2\/media?parent=12"}],"curies":[{"name":"wp","href":"https:\/\/api.w.org\/{rel}","templated":true}]}}