{"id":173,"date":"2025-08-12T08:06:33","date_gmt":"2025-08-12T08:06:33","guid":{"rendered":"https:\/\/vienninedistajat.fi\/?page_id=173"},"modified":"2025-08-26T09:07:55","modified_gmt":"2025-08-26T09:07:55","slug":"hae-taysjaseneksi","status":"publish","type":"page","link":"https:\/\/vienninedistajat.fi\/en\/hae-taysjaseneksi\/","title":{"rendered":"Hae t\u00e4ysj\u00e4seneksi"},"content":{"rendered":"\t\t<div data-elementor-type=\"wp-page\" data-elementor-id=\"173\" class=\"elementor elementor-173\" data-elementor-post-type=\"page\">\n\t\t\t\t\t\t<section class=\"elementor-section elementor-top-section elementor-element elementor-element-1697d1c elementor-section-boxed elementor-section-height-default elementor-section-height-default\" data-id=\"1697d1c\" data-element_type=\"section\" data-e-type=\"section\" data-settings=\"{&quot;background_background&quot;:&quot;classic&quot;}\">\n\t\t\t\t\t\t<div class=\"elementor-container elementor-column-gap-default\">\n\t\t\t\t\t<div class=\"elementor-column elementor-col-100 elementor-top-column elementor-element elementor-element-1e305b5\" data-id=\"1e305b5\" data-element_type=\"column\" data-e-type=\"column\">\n\t\t\t<div class=\"elementor-widget-wrap elementor-element-populated\">\n\t\t\t\t\t\t<div class=\"elementor-element elementor-element-f9f7bab elementor-widget elementor-widget-heading\" data-id=\"f9f7bab\" data-element_type=\"widget\" data-e-type=\"widget\" data-widget_type=\"heading.default\">\n\t\t\t\t\t<h1 class=\"elementor-heading-title elementor-size-default\">Hae t\u00e4ysj\u00e4seneksi<\/h1>\t\t\t\t<\/div>\n\t\t\t\t<div class=\"elementor-element elementor-element-b095918 elementor-widget elementor-widget-text-editor\" data-id=\"b095918\" data-element_type=\"widget\" data-e-type=\"widget\" data-widget_type=\"text-editor.default\">\n\t\t\t\t\t\t\t\t\t<p>T\u00e4ysj\u00e4senyys on suunnattu vienti\u00e4 tekeville ja kansainv\u00e4listymist\u00e4 tavoitteleville yrityksille. T\u00e4ysj\u00e4senen\u00e4 saat t\u00e4yden hy\u00f6dyn palveluistamme: neuvontaa, koulutuksia, markkinatietoa ja kontakteja, jotka auttavat viem\u00e4\u00e4n liiketoimintaasi uusille markkinoille.<\/p>\t\t\t\t\t\t\t\t<\/div>\n\t\t\t\t\t<\/div>\n\t\t<\/div>\n\t\t\t\t\t<\/div>\n\t\t<\/section>\n\t\t\t\t<section class=\"elementor-section elementor-top-section elementor-element elementor-element-222c000 elementor-section-boxed elementor-section-height-default elementor-section-height-default\" data-id=\"222c000\" data-element_type=\"section\" data-e-type=\"section\" data-settings=\"{&quot;background_background&quot;:&quot;classic&quot;}\">\n\t\t\t\t\t\t<div class=\"elementor-container elementor-column-gap-default\">\n\t\t\t\t\t<div class=\"elementor-column elementor-col-100 elementor-top-column elementor-element elementor-element-c753982\" data-id=\"c753982\" data-element_type=\"column\" data-e-type=\"column\">\n\t\t\t<div class=\"elementor-widget-wrap elementor-element-populated\">\n\t\t\t\t\t\t<div class=\"elementor-element elementor-element-68b1eba elementor-widget__width-initial elementor-widget elementor-widget-image\" data-id=\"68b1eba\" data-element_type=\"widget\" data-e-type=\"widget\" data-widget_type=\"image.default\">\n\t\t\t\t\t\t\t\t\t\t\t\t\t\t\t<img decoding=\"async\" width=\"80\" height=\"100\" src=\"https:\/\/vienninedistajat.fi\/wp-content\/uploads\/2025\/08\/Vienninedistajat-ry-logo.png\" class=\"attachment-large size-large wp-image-23\" alt=\"Logo\" srcset=\"https:\/\/vienninedistajat.fi\/wp-content\/uploads\/2025\/08\/Vienninedistajat-ry-logo.png 80w, https:\/\/vienninedistajat.fi\/wp-content\/uploads\/2025\/08\/Vienninedistajat-ry-logo-10x12.png 10w\" sizes=\"(max-width: 80px) 100vw, 80px\" \/>\t\t\t\t\t\t\t\t\t\t\t\t\t\t\t<\/div>\n\t\t\t\t<div class=\"elementor-element elementor-element-a00538a elementor-widget__width-initial elementor-widget elementor-widget-heading\" data-id=\"a00538a\" data-element_type=\"widget\" data-e-type=\"widget\" data-widget_type=\"heading.default\">\n\t\t\t\t\t<h2 class=\"elementor-heading-title elementor-size-default\">Hae t\u00e4ysj\u00e4seneksi<\/h2>\t\t\t\t<\/div>\n\t\t\t\t<div class=\"elementor-element elementor-element-ec5cd4c custom-form elementor-widget elementor-widget-wpforms\" data-id=\"ec5cd4c\" data-element_type=\"widget\" data-e-type=\"widget\" data-widget_type=\"wpforms.default\">\n\t\t\t\t<div class=\"elementor-widget-container\">\n\t\t\t\t\t<div class=\"wpforms-container wpforms-container-full wpforms-render-modern\" id=\"wpforms-204\"><form id=\"wpforms-form-204\" class=\"wpforms-validate wpforms-form wpforms-ajax-form\" data-formid=\"204\" method=\"post\" enctype=\"multipart\/form-data\" action=\"\/en\/wp-json\/wp\/v2\/pages\/173\" data-token=\"baad802eb37c17099a99cf5c5d643950\" data-token-time=\"1778074675\"><noscript class=\"wpforms-error-noscript\">Please enable JavaScript in your browser to complete this form.<\/noscript><div id=\"wpforms-error-noscript\" style=\"display: none;\">Please enable JavaScript in your browser to complete this form.<\/div><div class=\"wpforms-field-container\"><div id=\"wpforms-204-field_1-container\" class=\"wpforms-field wpforms-field-name\" data-field-id=\"1\"><label class=\"wpforms-field-label\" for=\"wpforms-204-field_1\">Yrityksen nimi <span class=\"wpforms-required-label\" aria-hidden=\"true\">*<\/span><\/label><input type=\"text\" id=\"wpforms-204-field_1\" class=\"wpforms-field-large wpforms-field-required\" name=\"wpforms[fields][1]\" aria-errormessage=\"wpforms-204-field_1-error\" required><\/div>\t\t<div id=\"wpforms-204-field_2-container\"\n\t\t\tclass=\"wpforms-field wpforms-field-text\"\n\t\t\tdata-field-type=\"text\"\n\t\t\tdata-field-id=\"2\"\n\t\t\t>\n\t\t\t<label class=\"wpforms-field-label\" for=\"wpforms-204-field_2\" > tai Kerro<\/label>\n\t\t\t<input type=\"text\" id=\"wpforms-204-field_2\" class=\"wpforms-field-medium\" name=\"wpforms[fields][2]\" >\n\t\t<\/div>\n\t\t<div id=\"wpforms-204-field_3-container\" class=\"wpforms-field wpforms-field-text wpforms-one-half wpforms-first\" data-field-id=\"3\"><label class=\"wpforms-field-label\" for=\"wpforms-204-field_3\">Y-Tunnus tai syntym\u00e4aika <span class=\"wpforms-required-label\" aria-hidden=\"true\">*<\/span><\/label><input type=\"text\" id=\"wpforms-204-field_3\" class=\"wpforms-field-large wpforms-field-required\" name=\"wpforms[fields][3]\" aria-errormessage=\"wpforms-204-field_3-error\" required><\/div><div id=\"wpforms-204-field_4-container\" class=\"wpforms-field wpforms-field-payment-select wpforms-one-half wpforms-field-select-style-classic\" data-field-id=\"4\"><label class=\"wpforms-field-label\" for=\"wpforms-204-field_4\">J\u00e4senmaksun jaksotus  <span class=\"wpforms-required-label\" aria-hidden=\"true\">*<\/span><\/label><select id=\"wpforms-204-field_4\" class=\"wpforms-payment-price wpforms-field-large wpforms-field-required\" name=\"wpforms[fields][4]\" required=\"required\"><option value=\"1\" data-amount=\"0.00\"  selected='selected'>Valitse jaksotus<\/option><option value=\"2\" data-amount=\"0.00\" >Maksu vuosittain<\/option><option value=\"3\" data-amount=\"0.00\" >Maksu kuukausittain<\/option><\/select><\/div><div id=\"wpforms-204-field_6-container\" class=\"wpforms-field wpforms-field-textarea\" data-field-id=\"6\"><label class=\"wpforms-field-label\" for=\"wpforms-204-field_6\">Kerro liiketoiminnastasi * <span class=\"wpforms-required-label\" aria-hidden=\"true\">*<\/span><\/label><textarea id=\"wpforms-204-field_6\" class=\"wpforms-field-medium wpforms-field-required\" name=\"wpforms[fields][6]\" placeholder=\"Kirjoita mahdolliset lis\u00e4tiedot\" aria-errormessage=\"wpforms-204-field_6-error\" required><\/textarea><\/div><div id=\"wpforms-204-field_5-container\" class=\"wpforms-field wpforms-field-text\" data-field-id=\"5\"><label class=\"wpforms-field-label\" for=\"wpforms-204-field_5\">Suosittelija <\/label><input type=\"text\" id=\"wpforms-204-field_5\" class=\"wpforms-field-large\" name=\"wpforms[fields][5]\" aria-errormessage=\"wpforms-204-field_5-error\" ><\/div><script>\n\t\t\t\t( function() {\n\t\t\t\t\tconst style = document.createElement( 'style' );\n\t\t\t\t\tstyle.appendChild( document.createTextNode( '#wpforms-204-field_2-container { position: absolute !important; overflow: hidden !important; display: inline !important; height: 1px !important; width: 1px !important; z-index: -1000 !important; padding: 0 !important; } #wpforms-204-field_2-container input { visibility: hidden; } #wpforms-conversational-form-page #wpforms-204-field_2-container label { counter-increment: none; }' ) );\n\t\t\t\t\tdocument.head.appendChild( style );\n\t\t\t\t\tdocument.currentScript?.remove();\n\t\t\t\t} )();\n\t\t\t<\/script><\/div><!-- .wpforms-field-container --><div class=\"wpforms-submit-container\" ><input type=\"hidden\" name=\"wpforms[id]\" value=\"204\"><input type=\"hidden\" name=\"page_title\" value=\"\"><input type=\"hidden\" name=\"page_url\" value=\"https:\/\/vienninedistajat.fi\/en\/wp-json\/wp\/v2\/pages\/173\"><input type=\"hidden\" name=\"url_referer\" value=\"\">    <div class=\"wpforms-field wpforms-field-file\" style=\"margin-top:15px;\">\n        <label for=\"upload_field_file\" style=\"display:block; font-weight:bold; margin-bottom:5px; color:#13386A;\">\n            Liitetiedostot\n        <\/label>\n        <div id=\"custom-drop-area\" style=\"border: 2px dashed #13386A; padding: 15px; text-align: center; border-radius: 5px; color: #13386A; cursor: pointer; user-select:none;\">\n            <input type=\"file\" name=\"upload_field_file\" id=\"upload_field_file\" style=\"display:none;\">\n            <a href=\"javascript:void(0);\" id=\"custom_upload_link\" style=\"color:#13386A; font-size:16px; text-decoration: underline; cursor: pointer;\">\n                Valitse tai pudota tiedostoja\n            <\/a>\n            <span id=\"file_name_display\" style=\"display:block; margin-top:8px; font-size:14px;\"><\/span>\n        <\/div>\n    <\/div>\n\n    <script>\n        (function(){\n            const fileInput = document.getElementById('upload_field_file');\n            const uploadLink = document.getElementById('custom_upload_link');\n            const fileNameDisplay = document.getElementById('file_name_display');\n            const dropArea = document.getElementById('custom-drop-area');\n\n            \/\/ Click link triggers file input\n            uploadLink.addEventListener('click', function(){\n                fileInput.click();\n            });\n\n            \/\/ Update file name display on file select\n            fileInput.addEventListener('change', function(){\n                if(this.files.length > 0){\n                    fileNameDisplay.textContent = this.files[0].name;\n                } else {\n                    fileNameDisplay.textContent = '';\n                }\n            });\n\n            \/\/ Drag & Drop handlers\n            dropArea.addEventListener('dragover', function(e){\n                e.preventDefault();\n                e.stopPropagation();\n                dropArea.style.backgroundColor = '#e6f0ff';\n            });\n\n            dropArea.addEventListener('dragleave', function(e){\n                e.preventDefault();\n                e.stopPropagation();\n                dropArea.style.backgroundColor = '';\n            });\n\n            dropArea.addEventListener('drop', function(e){\n                e.preventDefault();\n                e.stopPropagation();\n                dropArea.style.backgroundColor = '';\n                if(e.dataTransfer.files.length > 0){\n                    fileInput.files = e.dataTransfer.files;\n                    fileNameDisplay.textContent = e.dataTransfer.files[0].name;\n                }\n            });\n        })();\n    <\/script>\n    <button type=\"submit\" name=\"wpforms[submit]\" id=\"wpforms-submit-204\" class=\"wpforms-submit\" data-alt-text=\"L\u00e4hett\u00e4m\u00e4ss\u00e4\u2026\" data-submit-text=\"L\u00e4het\u00e4 hakemus\" aria-live=\"assertive\" value=\"wpforms-submit\">L\u00e4het\u00e4 hakemus<\/button><img decoding=\"async\" src=\"https:\/\/vienninedistajat.fi\/wp-content\/plugins\/wpforms-lite\/assets\/images\/submit-spin.svg\" class=\"wpforms-submit-spinner\" style=\"display: none;\" width=\"26\" height=\"26\" alt=\"Loading\"><\/div><\/form><\/div>  <!-- .wpforms-container -->\t\t\t\t<\/div>\n\t\t\t\t<\/div>\n\t\t\t\t\t<\/div>\n\t\t<\/div>\n\t\t\t\t\t<\/div>\n\t\t<\/section>\n\t\t\t\t<\/div>\n\t\t","protected":false},"excerpt":{"rendered":"<p>Hae t\u00e4ysj\u00e4seneksi T\u00e4ysj\u00e4senyys on suunnattu vienti\u00e4 tekeville ja kansainv\u00e4listymist\u00e4 tavoitteleville yrityksille. T\u00e4ysj\u00e4senen\u00e4 saat t\u00e4yden hy\u00f6dyn palveluistamme: neuvontaa, koulutuksia, markkinatietoa ja [&hellip;]<\/p>\n","protected":false},"author":1,"featured_media":0,"parent":0,"menu_order":0,"comment_status":"closed","ping_status":"closed","template":"","meta":{"site-sidebar-layout":"no-sidebar","site-content-layout":"","ast-site-content-layout":"full-width-container","site-content-style":"default","site-sidebar-style":"default","ast-global-header-display":"","ast-banner-title-visibility":"","ast-main-header-display":"","ast-hfb-above-header-display":"","ast-hfb-below-header-display":"","ast-hfb-mobile-header-display":"","site-post-title":"disabled","ast-breadcrumbs-content":"","ast-featured-img":"disabled","footer-sml-layout":"","ast-disable-related-posts":"","theme-transparent-header-meta":"","adv-header-id-meta":"","stick-header-meta":"","header-above-stick-meta":"","header-main-stick-meta":"","header-below-stick-meta":"","astra-migrate-meta-layouts":"default","ast-page-background-enabled":"default","ast-page-background-meta":{"desktop":{"background-color":"var(--ast-global-color-5)","background-image":"","background-repeat":"repeat","background-position":"center center","background-size":"auto","background-attachment":"scroll","background-type":"","background-media":"","overlay-type":"","overlay-color":"","overlay-opacity":"","overlay-gradient":""},"tablet":{"background-color":"","background-image":"","background-repeat":"repeat","background-position":"center center","background-size":"auto","background-attachment":"scroll","background-type":"","background-media":"","overlay-type":"","overlay-color":"","overlay-opacity":"","overlay-gradient":""},"mobile":{"background-color":"","background-image":"","background-repeat":"repeat","background-position":"center center","background-size":"auto","background-attachment":"scroll","background-type":"","background-media":"","overlay-type":"","overlay-color":"","overlay-opacity":"","overlay-gradient":""}},"ast-content-background-meta":{"desktop":{"background-color":"var(--ast-global-color-4)","background-image":"","background-repeat":"repeat","background-position":"center center","background-size":"auto","background-attachment":"scroll","background-type":"","background-media":"","overlay-type":"","overlay-color":"","overlay-opacity":"","overlay-gradient":""},"tablet":{"background-color":"var(--ast-global-color-4)","background-image":"","background-repeat":"repeat","background-position":"center center","background-size":"auto","background-attachment":"scroll","background-type":"","background-media":"","overlay-type":"","overlay-color":"","overlay-opacity":"","overlay-gradient":""},"mobile":{"background-color":"var(--ast-global-color-4)","background-image":"","background-repeat":"repeat","background-position":"center center","background-size":"auto","background-attachment":"scroll","background-type":"","background-media":"","overlay-type":"","overlay-color":"","overlay-opacity":"","overlay-gradient":""}},"footnotes":""},"class_list":["post-173","page","type-page","status-publish","hentry"],"yoast_head":"<!-- This site is optimized with the Yoast SEO plugin v27.5 - https:\/\/yoast.com\/product\/yoast-seo-wordpress\/ -->\n<title>Hae t\u00e4ysj\u00e4seneksi - vienninedistajat.fi<\/title>\n<meta name=\"robots\" content=\"index, follow, max-snippet:-1, max-image-preview:large, max-video-preview:-1\" \/>\n<link rel=\"canonical\" href=\"https:\/\/vienninedistajat.fi\/en\/hae-taysjaseneksi\/\" \/>\n<meta property=\"og:locale\" content=\"en_GB\" \/>\n<meta property=\"og:type\" content=\"article\" \/>\n<meta property=\"og:title\" content=\"Hae t\u00e4ysj\u00e4seneksi - vienninedistajat.fi\" \/>\n<meta property=\"og:description\" content=\"Hae t\u00e4ysj\u00e4seneksi T\u00e4ysj\u00e4senyys on suunnattu vienti\u00e4 tekeville ja kansainv\u00e4listymist\u00e4 tavoitteleville yrityksille. T\u00e4ysj\u00e4senen\u00e4 saat t\u00e4yden hy\u00f6dyn palveluistamme: neuvontaa, koulutuksia, markkinatietoa ja [&hellip;]\" \/>\n<meta property=\"og:url\" content=\"https:\/\/vienninedistajat.fi\/en\/hae-taysjaseneksi\/\" \/>\n<meta property=\"og:site_name\" content=\"vienninedistajat.fi\" \/>\n<meta property=\"article:modified_time\" content=\"2025-08-26T09:07:55+00:00\" \/>\n<meta property=\"og:image\" content=\"https:\/\/vienninedistajat.fi\/wp-content\/uploads\/2025\/08\/Vienninedistajat-ry-logo.png\" \/>\n<meta name=\"twitter:card\" content=\"summary_large_image\" \/>\n<meta name=\"twitter:label1\" content=\"Estimated reading time\" \/>\n\t<meta name=\"twitter:data1\" content=\"1 minute\" \/>\n<script type=\"application\/ld+json\" class=\"yoast-schema-graph\">{\"@context\":\"https:\\\/\\\/schema.org\",\"@graph\":[{\"@type\":\"WebPage\",\"@id\":\"https:\\\/\\\/vienninedistajat.fi\\\/hae-taysjaseneksi\\\/\",\"url\":\"https:\\\/\\\/vienninedistajat.fi\\\/hae-taysjaseneksi\\\/\",\"name\":\"Hae t\u00e4ysj\u00e4seneksi - vienninedistajat.fi\",\"isPartOf\":{\"@id\":\"https:\\\/\\\/vienninedistajat.fi\\\/#website\"},\"primaryImageOfPage\":{\"@id\":\"https:\\\/\\\/vienninedistajat.fi\\\/hae-taysjaseneksi\\\/#primaryimage\"},\"image\":{\"@id\":\"https:\\\/\\\/vienninedistajat.fi\\\/hae-taysjaseneksi\\\/#primaryimage\"},\"thumbnailUrl\":\"https:\\\/\\\/vienninedistajat.fi\\\/wp-content\\\/uploads\\\/2025\\\/08\\\/Vienninedistajat-ry-logo.png\",\"datePublished\":\"2025-08-12T08:06:33+00:00\",\"dateModified\":\"2025-08-26T09:07:55+00:00\",\"breadcrumb\":{\"@id\":\"https:\\\/\\\/vienninedistajat.fi\\\/hae-taysjaseneksi\\\/#breadcrumb\"},\"inLanguage\":\"en-GB\",\"potentialAction\":[{\"@type\":\"ReadAction\",\"target\":[\"https:\\\/\\\/vienninedistajat.fi\\\/hae-taysjaseneksi\\\/\"]}]},{\"@type\":\"ImageObject\",\"inLanguage\":\"en-GB\",\"@id\":\"https:\\\/\\\/vienninedistajat.fi\\\/hae-taysjaseneksi\\\/#primaryimage\",\"url\":\"https:\\\/\\\/vienninedistajat.fi\\\/wp-content\\\/uploads\\\/2025\\\/08\\\/Vienninedistajat-ry-logo.png\",\"contentUrl\":\"https:\\\/\\\/vienninedistajat.fi\\\/wp-content\\\/uploads\\\/2025\\\/08\\\/Vienninedistajat-ry-logo.png\"},{\"@type\":\"BreadcrumbList\",\"@id\":\"https:\\\/\\\/vienninedistajat.fi\\\/hae-taysjaseneksi\\\/#breadcrumb\",\"itemListElement\":[{\"@type\":\"ListItem\",\"position\":1,\"name\":\"Home\",\"item\":\"https:\\\/\\\/vienninedistajat.fi\\\/\"},{\"@type\":\"ListItem\",\"position\":2,\"name\":\"Hae t\u00e4ysj\u00e4seneksi\"}]},{\"@type\":\"WebSite\",\"@id\":\"https:\\\/\\\/vienninedistajat.fi\\\/#website\",\"url\":\"https:\\\/\\\/vienninedistajat.fi\\\/\",\"name\":\"vienninedistajat.fi\",\"description\":\"\",\"publisher\":{\"@id\":\"https:\\\/\\\/vienninedistajat.fi\\\/#organization\"},\"potentialAction\":[{\"@type\":\"SearchAction\",\"target\":{\"@type\":\"EntryPoint\",\"urlTemplate\":\"https:\\\/\\\/vienninedistajat.fi\\\/?s={search_term_string}\"},\"query-input\":{\"@type\":\"PropertyValueSpecification\",\"valueRequired\":true,\"valueName\":\"search_term_string\"}}],\"inLanguage\":\"en-GB\"},{\"@type\":\"Organization\",\"@id\":\"https:\\\/\\\/vienninedistajat.fi\\\/#organization\",\"name\":\"vienninedistajat.fi\",\"url\":\"https:\\\/\\\/vienninedistajat.fi\\\/\",\"logo\":{\"@type\":\"ImageObject\",\"inLanguage\":\"en-GB\",\"@id\":\"https:\\\/\\\/vienninedistajat.fi\\\/#\\\/schema\\\/logo\\\/image\\\/\",\"url\":\"https:\\\/\\\/vienninedistajat.fi\\\/wp-content\\\/uploads\\\/2025\\\/08\\\/Vienninedistajat-ry-logo.png\",\"contentUrl\":\"https:\\\/\\\/vienninedistajat.fi\\\/wp-content\\\/uploads\\\/2025\\\/08\\\/Vienninedistajat-ry-logo.png\",\"width\":80,\"height\":100,\"caption\":\"vienninedistajat.fi\"},\"image\":{\"@id\":\"https:\\\/\\\/vienninedistajat.fi\\\/#\\\/schema\\\/logo\\\/image\\\/\"}}]}<\/script>\n<!-- \/ Yoast SEO plugin. -->","yoast_head_json":{"title":"Hae t\u00e4ysj\u00e4seneksi - vienninedistajat.fi","robots":{"index":"index","follow":"follow","max-snippet":"max-snippet:-1","max-image-preview":"max-image-preview:large","max-video-preview":"max-video-preview:-1"},"canonical":"https:\/\/vienninedistajat.fi\/en\/hae-taysjaseneksi\/","og_locale":"en_GB","og_type":"article","og_title":"Hae t\u00e4ysj\u00e4seneksi - vienninedistajat.fi","og_description":"Hae t\u00e4ysj\u00e4seneksi T\u00e4ysj\u00e4senyys on suunnattu vienti\u00e4 tekeville ja kansainv\u00e4listymist\u00e4 tavoitteleville yrityksille. T\u00e4ysj\u00e4senen\u00e4 saat t\u00e4yden hy\u00f6dyn palveluistamme: neuvontaa, koulutuksia, markkinatietoa ja [&hellip;]","og_url":"https:\/\/vienninedistajat.fi\/en\/hae-taysjaseneksi\/","og_site_name":"vienninedistajat.fi","article_modified_time":"2025-08-26T09:07:55+00:00","og_image":[{"url":"https:\/\/vienninedistajat.fi\/wp-content\/uploads\/2025\/08\/Vienninedistajat-ry-logo.png","type":"","width":"","height":""}],"twitter_card":"summary_large_image","twitter_misc":{"Estimated reading time":"1 minute"},"schema":{"@context":"https:\/\/schema.org","@graph":[{"@type":"WebPage","@id":"https:\/\/vienninedistajat.fi\/hae-taysjaseneksi\/","url":"https:\/\/vienninedistajat.fi\/hae-taysjaseneksi\/","name":"Hae t\u00e4ysj\u00e4seneksi - vienninedistajat.fi","isPartOf":{"@id":"https:\/\/vienninedistajat.fi\/#website"},"primaryImageOfPage":{"@id":"https:\/\/vienninedistajat.fi\/hae-taysjaseneksi\/#primaryimage"},"image":{"@id":"https:\/\/vienninedistajat.fi\/hae-taysjaseneksi\/#primaryimage"},"thumbnailUrl":"https:\/\/vienninedistajat.fi\/wp-content\/uploads\/2025\/08\/Vienninedistajat-ry-logo.png","datePublished":"2025-08-12T08:06:33+00:00","dateModified":"2025-08-26T09:07:55+00:00","breadcrumb":{"@id":"https:\/\/vienninedistajat.fi\/hae-taysjaseneksi\/#breadcrumb"},"inLanguage":"en-GB","potentialAction":[{"@type":"ReadAction","target":["https:\/\/vienninedistajat.fi\/hae-taysjaseneksi\/"]}]},{"@type":"ImageObject","inLanguage":"en-GB","@id":"https:\/\/vienninedistajat.fi\/hae-taysjaseneksi\/#primaryimage","url":"https:\/\/vienninedistajat.fi\/wp-content\/uploads\/2025\/08\/Vienninedistajat-ry-logo.png","contentUrl":"https:\/\/vienninedistajat.fi\/wp-content\/uploads\/2025\/08\/Vienninedistajat-ry-logo.png"},{"@type":"BreadcrumbList","@id":"https:\/\/vienninedistajat.fi\/hae-taysjaseneksi\/#breadcrumb","itemListElement":[{"@type":"ListItem","position":1,"name":"Home","item":"https:\/\/vienninedistajat.fi\/"},{"@type":"ListItem","position":2,"name":"Hae t\u00e4ysj\u00e4seneksi"}]},{"@type":"WebSite","@id":"https:\/\/vienninedistajat.fi\/#website","url":"https:\/\/vienninedistajat.fi\/","name":"vienninedistajat.fi","description":"","publisher":{"@id":"https:\/\/vienninedistajat.fi\/#organization"},"potentialAction":[{"@type":"SearchAction","target":{"@type":"EntryPoint","urlTemplate":"https:\/\/vienninedistajat.fi\/?s={search_term_string}"},"query-input":{"@type":"PropertyValueSpecification","valueRequired":true,"valueName":"search_term_string"}}],"inLanguage":"en-GB"},{"@type":"Organization","@id":"https:\/\/vienninedistajat.fi\/#organization","name":"vienninedistajat.fi","url":"https:\/\/vienninedistajat.fi\/","logo":{"@type":"ImageObject","inLanguage":"en-GB","@id":"https:\/\/vienninedistajat.fi\/#\/schema\/logo\/image\/","url":"https:\/\/vienninedistajat.fi\/wp-content\/uploads\/2025\/08\/Vienninedistajat-ry-logo.png","contentUrl":"https:\/\/vienninedistajat.fi\/wp-content\/uploads\/2025\/08\/Vienninedistajat-ry-logo.png","width":80,"height":100,"caption":"vienninedistajat.fi"},"image":{"@id":"https:\/\/vienninedistajat.fi\/#\/schema\/logo\/image\/"}}]}},"_links":{"self":[{"href":"https:\/\/vienninedistajat.fi\/en\/wp-json\/wp\/v2\/pages\/173","targetHints":{"allow":["GET"]}}],"collection":[{"href":"https:\/\/vienninedistajat.fi\/en\/wp-json\/wp\/v2\/pages"}],"about":[{"href":"https:\/\/vienninedistajat.fi\/en\/wp-json\/wp\/v2\/types\/page"}],"author":[{"embeddable":true,"href":"https:\/\/vienninedistajat.fi\/en\/wp-json\/wp\/v2\/users\/1"}],"replies":[{"embeddable":true,"href":"https:\/\/vienninedistajat.fi\/en\/wp-json\/wp\/v2\/comments?post=173"}],"version-history":[{"count":32,"href":"https:\/\/vienninedistajat.fi\/en\/wp-json\/wp\/v2\/pages\/173\/revisions"}],"predecessor-version":[{"id":245,"href":"https:\/\/vienninedistajat.fi\/en\/wp-json\/wp\/v2\/pages\/173\/revisions\/245"}],"wp:attachment":[{"href":"https:\/\/vienninedistajat.fi\/en\/wp-json\/wp\/v2\/media?parent=173"}],"curies":[{"name":"wp","href":"https:\/\/api.w.org\/{rel}","templated":true}]}}