{"id":199,"date":"2025-08-13T05:23:23","date_gmt":"2025-08-13T05:23:23","guid":{"rendered":"https:\/\/vienninedistajat.fi\/?page_id=199"},"modified":"2025-08-26T09:08:16","modified_gmt":"2025-08-26T09:08:16","slug":"liity-kannattajajaseneksi","status":"publish","type":"page","link":"https:\/\/vienninedistajat.fi\/en\/liity-kannattajajaseneksi\/","title":{"rendered":"Liity kannattajaj\u00e4seneksi"},"content":{"rendered":"\t\t<div data-elementor-type=\"wp-page\" data-elementor-id=\"199\" class=\"elementor elementor-199\" data-elementor-post-type=\"page\">\n\t\t\t\t\t\t<section class=\"elementor-section elementor-top-section elementor-element elementor-element-1697d1c elementor-section-boxed elementor-section-height-default elementor-section-height-default\" data-id=\"1697d1c\" data-element_type=\"section\" data-e-type=\"section\" data-settings=\"{&quot;background_background&quot;:&quot;classic&quot;}\">\n\t\t\t\t\t\t<div class=\"elementor-container elementor-column-gap-default\">\n\t\t\t\t\t<div class=\"elementor-column elementor-col-100 elementor-top-column elementor-element elementor-element-1e305b5\" data-id=\"1e305b5\" data-element_type=\"column\" data-e-type=\"column\">\n\t\t\t<div class=\"elementor-widget-wrap elementor-element-populated\">\n\t\t\t\t\t\t<div class=\"elementor-element elementor-element-f9f7bab elementor-widget elementor-widget-heading\" data-id=\"f9f7bab\" data-element_type=\"widget\" data-e-type=\"widget\" data-widget_type=\"heading.default\">\n\t\t\t\t\t<h1 class=\"elementor-heading-title elementor-size-default\">Liity kannattajaj\u00e4seneksi<\/h1>\t\t\t\t<\/div>\n\t\t\t\t<div class=\"elementor-element elementor-element-b095918 elementor-widget elementor-widget-text-editor\" data-id=\"b095918\" data-element_type=\"widget\" data-e-type=\"widget\" data-widget_type=\"text-editor.default\">\n\t\t\t\t\t\t\t\t\t<p>Kannattajaj\u00e4senyys sopii organisaatioille ja yksityishenkil\u00f6ille, jotka haluavat tukea viennin edist\u00e4mist\u00e4 ja olla mukana verkostossa. Kannattajaj\u00e4senet saavat n\u00e4kyvyytt\u00e4 toiminnassamme, kutsuja tapahtumiin sek\u00e4 mahdollisuuden vaikuttaa suomalaisen viennin kehitykseen.<\/p>\t\t\t\t\t\t\t\t<\/div>\n\t\t\t\t\t<\/div>\n\t\t<\/div>\n\t\t\t\t\t<\/div>\n\t\t<\/section>\n\t\t\t\t<section class=\"elementor-section elementor-top-section elementor-element elementor-element-222c000 elementor-section-boxed elementor-section-height-default elementor-section-height-default\" data-id=\"222c000\" data-element_type=\"section\" data-e-type=\"section\" data-settings=\"{&quot;background_background&quot;:&quot;classic&quot;}\">\n\t\t\t\t\t\t<div class=\"elementor-container elementor-column-gap-default\">\n\t\t\t\t\t<div class=\"elementor-column elementor-col-100 elementor-top-column elementor-element elementor-element-c753982\" data-id=\"c753982\" data-element_type=\"column\" data-e-type=\"column\">\n\t\t\t<div class=\"elementor-widget-wrap elementor-element-populated\">\n\t\t\t\t\t\t<div class=\"elementor-element elementor-element-68b1eba elementor-widget__width-initial elementor-widget elementor-widget-image\" data-id=\"68b1eba\" data-element_type=\"widget\" data-e-type=\"widget\" data-widget_type=\"image.default\">\n\t\t\t\t\t\t\t\t\t\t\t\t\t\t\t<img decoding=\"async\" width=\"80\" height=\"100\" src=\"https:\/\/vienninedistajat.fi\/wp-content\/uploads\/2025\/08\/Vienninedistajat-ry-logo.png\" class=\"attachment-large size-large wp-image-23\" alt=\"Logo\" srcset=\"https:\/\/vienninedistajat.fi\/wp-content\/uploads\/2025\/08\/Vienninedistajat-ry-logo.png 80w, https:\/\/vienninedistajat.fi\/wp-content\/uploads\/2025\/08\/Vienninedistajat-ry-logo-10x12.png 10w\" sizes=\"(max-width: 80px) 100vw, 80px\" \/>\t\t\t\t\t\t\t\t\t\t\t\t\t\t\t<\/div>\n\t\t\t\t<div class=\"elementor-element elementor-element-a00538a elementor-widget__width-initial elementor-widget elementor-widget-heading\" data-id=\"a00538a\" data-element_type=\"widget\" data-e-type=\"widget\" data-widget_type=\"heading.default\">\n\t\t\t\t\t<h2 class=\"elementor-heading-title elementor-size-default\">Liity kannattajaj\u00e4seneksi<\/h2>\t\t\t\t<\/div>\n\t\t\t\t<div class=\"elementor-element elementor-element-ec5cd4c custom-form elementor-widget elementor-widget-wpforms\" data-id=\"ec5cd4c\" data-element_type=\"widget\" data-e-type=\"widget\" data-widget_type=\"wpforms.default\">\n\t\t\t\t<div class=\"elementor-widget-container\">\n\t\t\t\t\t<div class=\"wpforms-container wpforms-container-full wpforms-render-modern\" id=\"wpforms-182\"><form id=\"wpforms-form-182\" class=\"wpforms-validate wpforms-form wpforms-ajax-form\" data-formid=\"182\" method=\"post\" enctype=\"multipart\/form-data\" action=\"\/en\/wp-json\/wp\/v2\/pages\/199\" data-token=\"b2503f69a3e983c72ac1111f5541a78e\" data-token-time=\"1778074434\"><noscript class=\"wpforms-error-noscript\">Please enable JavaScript in your browser to complete this form.<\/noscript><div id=\"wpforms-error-noscript\" style=\"display: none;\">Please enable JavaScript in your browser to complete this form.<\/div><div class=\"wpforms-field-container\">\t\t<div id=\"wpforms-182-field_7-container\"\n\t\t\tclass=\"wpforms-field wpforms-field-text\"\n\t\t\tdata-field-type=\"text\"\n\t\t\tdata-field-id=\"7\"\n\t\t\t>\n\t\t\t<label class=\"wpforms-field-label\" for=\"wpforms-182-field_7\" >Lis\u00e4teidot syntym\u00e4aika (yritys<\/label>\n\t\t\t<input type=\"text\" id=\"wpforms-182-field_7\" class=\"wpforms-field-medium\" name=\"wpforms[fields][7]\" >\n\t\t<\/div>\n\t\t<div id=\"wpforms-182-field_1-container\" class=\"wpforms-field wpforms-field-name\" data-field-id=\"1\"><label class=\"wpforms-field-label\" for=\"wpforms-182-field_1\">Nimi (yritys tai yksityishenkil\u00f6) <span class=\"wpforms-required-label\" aria-hidden=\"true\">*<\/span><\/label><input type=\"text\" id=\"wpforms-182-field_1\" class=\"wpforms-field-large wpforms-field-required\" name=\"wpforms[fields][1]\" aria-errormessage=\"wpforms-182-field_1-error\" required><\/div><div id=\"wpforms-182-field_2-container\" class=\"wpforms-field wpforms-field-name\" data-field-id=\"2\"><label class=\"wpforms-field-label\" for=\"wpforms-182-field_2\">Yhteyshenkil\u00f6n nimi <span class=\"wpforms-required-label\" aria-hidden=\"true\">*<\/span><\/label><input type=\"text\" id=\"wpforms-182-field_2\" class=\"wpforms-field-large wpforms-field-required\" name=\"wpforms[fields][2]\" aria-errormessage=\"wpforms-182-field_2-error\" required><\/div><div id=\"wpforms-182-field_3-container\" class=\"wpforms-field wpforms-field-text wpforms-one-half wpforms-first\" data-field-id=\"3\"><label class=\"wpforms-field-label\" for=\"wpforms-182-field_3\">Y-Tunnus tai syntym\u00e4aika <span class=\"wpforms-required-label\" aria-hidden=\"true\">*<\/span><\/label><input type=\"text\" id=\"wpforms-182-field_3\" class=\"wpforms-field-large wpforms-field-required\" name=\"wpforms[fields][3]\" aria-errormessage=\"wpforms-182-field_3-error\" required><\/div><div id=\"wpforms-182-field_4-container\" class=\"wpforms-field wpforms-field-payment-select wpforms-one-half wpforms-field-select-style-classic\" data-field-id=\"4\"><label class=\"wpforms-field-label\" for=\"wpforms-182-field_4\">J\u00e4senmaksun jaksotus  <span class=\"wpforms-required-label\" aria-hidden=\"true\">*<\/span><\/label><select id=\"wpforms-182-field_4\" class=\"wpforms-payment-price wpforms-field-large wpforms-field-required\" name=\"wpforms[fields][4]\" required=\"required\"><option value=\"1\" data-amount=\"0.00\"  selected='selected'>Valitse jaksotus<\/option><option value=\"2\" data-amount=\"0.00\" >Maksu vuosittain<\/option><option value=\"3\" data-amount=\"0.00\" >Maksu kuukausittain<\/option><\/select><\/div><div id=\"wpforms-182-field_5-container\" class=\"wpforms-field wpforms-field-text\" data-field-id=\"5\"><label class=\"wpforms-field-label\" for=\"wpforms-182-field_5\">Suosittelija <\/label><input type=\"text\" id=\"wpforms-182-field_5\" class=\"wpforms-field-large\" name=\"wpforms[fields][5]\" aria-errormessage=\"wpforms-182-field_5-error\" ><\/div><div id=\"wpforms-182-field_6-container\" class=\"wpforms-field wpforms-field-textarea\" data-field-id=\"6\"><label class=\"wpforms-field-label\" for=\"wpforms-182-field_6\">Lis\u00e4teidot <span class=\"wpforms-required-label\" aria-hidden=\"true\">*<\/span><\/label><textarea id=\"wpforms-182-field_6\" class=\"wpforms-field-medium wpforms-field-required\" name=\"wpforms[fields][6]\" placeholder=\"Kirjoita mahdolliset lis\u00e4tiedot\" aria-errormessage=\"wpforms-182-field_6-error\" required><\/textarea><\/div><script>\n\t\t\t\t( function() {\n\t\t\t\t\tconst style = document.createElement( 'style' );\n\t\t\t\t\tstyle.appendChild( document.createTextNode( '#wpforms-182-field_7-container { position: absolute !important; overflow: hidden !important; display: inline !important; height: 1px !important; width: 1px !important; z-index: -1000 !important; padding: 0 !important; } #wpforms-182-field_7-container input { visibility: hidden; } #wpforms-conversational-form-page #wpforms-182-field_7-container label { counter-increment: none; }' ) );\n\t\t\t\t\tdocument.head.appendChild( style );\n\t\t\t\t\tdocument.currentScript?.remove();\n\t\t\t\t} )();\n\t\t\t<\/script><\/div><!-- .wpforms-field-container --><div class=\"wpforms-submit-container\" ><input type=\"hidden\" name=\"wpforms[id]\" value=\"182\"><input type=\"hidden\" name=\"page_title\" value=\"\"><input type=\"hidden\" name=\"page_url\" value=\"https:\/\/vienninedistajat.fi\/en\/wp-json\/wp\/v2\/pages\/199\"><input type=\"hidden\" name=\"url_referer\" value=\"\"><button type=\"submit\" name=\"wpforms[submit]\" id=\"wpforms-submit-182\" class=\"wpforms-submit\" data-alt-text=\"L\u00e4hett\u00e4m\u00e4ss\u00e4\u2026\" data-submit-text=\"L\u00e4het\u00e4\" aria-live=\"assertive\" value=\"wpforms-submit\">L\u00e4het\u00e4<\/button><img decoding=\"async\" src=\"https:\/\/vienninedistajat.fi\/wp-content\/plugins\/wpforms-lite\/assets\/images\/submit-spin.svg\" class=\"wpforms-submit-spinner\" style=\"display: none;\" width=\"26\" height=\"26\" alt=\"Loading\"><\/div><\/form><\/div>  <!-- .wpforms-container -->\t\t\t\t<\/div>\n\t\t\t\t<\/div>\n\t\t\t\t\t<\/div>\n\t\t<\/div>\n\t\t\t\t\t<\/div>\n\t\t<\/section>\n\t\t\t\t<\/div>\n\t\t","protected":false},"excerpt":{"rendered":"<p>Liity kannattajaj\u00e4seneksi Kannattajaj\u00e4senyys sopii organisaatioille ja yksityishenkil\u00f6ille, jotka haluavat tukea viennin edist\u00e4mist\u00e4 ja olla mukana verkostossa. Kannattajaj\u00e4senet saavat n\u00e4kyvyytt\u00e4 toiminnassamme, [&hellip;]<\/p>\n","protected":false},"author":1,"featured_media":0,"parent":0,"menu_order":0,"comment_status":"closed","ping_status":"closed","template":"","meta":{"site-sidebar-layout":"no-sidebar","site-content-layout":"","ast-site-content-layout":"full-width-container","site-content-style":"default","site-sidebar-style":"default","ast-global-header-display":"","ast-banner-title-visibility":"","ast-main-header-display":"","ast-hfb-above-header-display":"","ast-hfb-below-header-display":"","ast-hfb-mobile-header-display":"","site-post-title":"disabled","ast-breadcrumbs-content":"","ast-featured-img":"disabled","footer-sml-layout":"","ast-disable-related-posts":"","theme-transparent-header-meta":"","adv-header-id-meta":"","stick-header-meta":"","header-above-stick-meta":"","header-main-stick-meta":"","header-below-stick-meta":"","astra-migrate-meta-layouts":"default","ast-page-background-enabled":"default","ast-page-background-meta":{"desktop":{"background-color":"var(--ast-global-color-5)","background-image":"","background-repeat":"repeat","background-position":"center center","background-size":"auto","background-attachment":"scroll","background-type":"","background-media":"","overlay-type":"","overlay-color":"","overlay-opacity":"","overlay-gradient":""},"tablet":{"background-color":"","background-image":"","background-repeat":"repeat","background-position":"center center","background-size":"auto","background-attachment":"scroll","background-type":"","background-media":"","overlay-type":"","overlay-color":"","overlay-opacity":"","overlay-gradient":""},"mobile":{"background-color":"","background-image":"","background-repeat":"repeat","background-position":"center center","background-size":"auto","background-attachment":"scroll","background-type":"","background-media":"","overlay-type":"","overlay-color":"","overlay-opacity":"","overlay-gradient":""}},"ast-content-background-meta":{"desktop":{"background-color":"var(--ast-global-color-4)","background-image":"","background-repeat":"repeat","background-position":"center center","background-size":"auto","background-attachment":"scroll","background-type":"","background-media":"","overlay-type":"","overlay-color":"","overlay-opacity":"","overlay-gradient":""},"tablet":{"background-color":"var(--ast-global-color-4)","background-image":"","background-repeat":"repeat","background-position":"center center","background-size":"auto","background-attachment":"scroll","background-type":"","background-media":"","overlay-type":"","overlay-color":"","overlay-opacity":"","overlay-gradient":""},"mobile":{"background-color":"var(--ast-global-color-4)","background-image":"","background-repeat":"repeat","background-position":"center center","background-size":"auto","background-attachment":"scroll","background-type":"","background-media":"","overlay-type":"","overlay-color":"","overlay-opacity":"","overlay-gradient":""}},"footnotes":""},"class_list":["post-199","page","type-page","status-publish","hentry"],"yoast_head":"<!-- This site is optimized with the Yoast SEO plugin v27.5 - https:\/\/yoast.com\/product\/yoast-seo-wordpress\/ -->\n<title>Liity kannattajaj\u00e4seneksi - vienninedistajat.fi<\/title>\n<meta name=\"robots\" content=\"index, follow, max-snippet:-1, max-image-preview:large, max-video-preview:-1\" \/>\n<link rel=\"canonical\" href=\"https:\/\/vienninedistajat.fi\/en\/liity-kannattajajaseneksi\/\" \/>\n<meta property=\"og:locale\" content=\"en_GB\" \/>\n<meta property=\"og:type\" content=\"article\" \/>\n<meta property=\"og:title\" content=\"Liity kannattajaj\u00e4seneksi - vienninedistajat.fi\" \/>\n<meta property=\"og:description\" content=\"Liity kannattajaj\u00e4seneksi Kannattajaj\u00e4senyys sopii organisaatioille ja yksityishenkil\u00f6ille, jotka haluavat tukea viennin edist\u00e4mist\u00e4 ja olla mukana verkostossa. Kannattajaj\u00e4senet saavat n\u00e4kyvyytt\u00e4 toiminnassamme, [&hellip;]\" \/>\n<meta property=\"og:url\" content=\"https:\/\/vienninedistajat.fi\/en\/liity-kannattajajaseneksi\/\" \/>\n<meta property=\"og:site_name\" content=\"vienninedistajat.fi\" \/>\n<meta property=\"article:modified_time\" content=\"2025-08-26T09:08:16+00:00\" \/>\n<meta property=\"og:image\" content=\"https:\/\/vienninedistajat.fi\/wp-content\/uploads\/2025\/08\/Vienninedistajat-ry-logo.png\" \/>\n<meta name=\"twitter:card\" content=\"summary_large_image\" \/>\n<meta name=\"twitter:label1\" content=\"Estimated reading time\" \/>\n\t<meta name=\"twitter:data1\" content=\"1 minute\" \/>\n<script type=\"application\/ld+json\" class=\"yoast-schema-graph\">{\"@context\":\"https:\\\/\\\/schema.org\",\"@graph\":[{\"@type\":\"WebPage\",\"@id\":\"https:\\\/\\\/vienninedistajat.fi\\\/liity-kannattajajaseneksi\\\/\",\"url\":\"https:\\\/\\\/vienninedistajat.fi\\\/liity-kannattajajaseneksi\\\/\",\"name\":\"Liity kannattajaj\u00e4seneksi - vienninedistajat.fi\",\"isPartOf\":{\"@id\":\"https:\\\/\\\/vienninedistajat.fi\\\/#website\"},\"primaryImageOfPage\":{\"@id\":\"https:\\\/\\\/vienninedistajat.fi\\\/liity-kannattajajaseneksi\\\/#primaryimage\"},\"image\":{\"@id\":\"https:\\\/\\\/vienninedistajat.fi\\\/liity-kannattajajaseneksi\\\/#primaryimage\"},\"thumbnailUrl\":\"https:\\\/\\\/vienninedistajat.fi\\\/wp-content\\\/uploads\\\/2025\\\/08\\\/Vienninedistajat-ry-logo.png\",\"datePublished\":\"2025-08-13T05:23:23+00:00\",\"dateModified\":\"2025-08-26T09:08:16+00:00\",\"breadcrumb\":{\"@id\":\"https:\\\/\\\/vienninedistajat.fi\\\/liity-kannattajajaseneksi\\\/#breadcrumb\"},\"inLanguage\":\"en-GB\",\"potentialAction\":[{\"@type\":\"ReadAction\",\"target\":[\"https:\\\/\\\/vienninedistajat.fi\\\/liity-kannattajajaseneksi\\\/\"]}]},{\"@type\":\"ImageObject\",\"inLanguage\":\"en-GB\",\"@id\":\"https:\\\/\\\/vienninedistajat.fi\\\/liity-kannattajajaseneksi\\\/#primaryimage\",\"url\":\"https:\\\/\\\/vienninedistajat.fi\\\/wp-content\\\/uploads\\\/2025\\\/08\\\/Vienninedistajat-ry-logo.png\",\"contentUrl\":\"https:\\\/\\\/vienninedistajat.fi\\\/wp-content\\\/uploads\\\/2025\\\/08\\\/Vienninedistajat-ry-logo.png\"},{\"@type\":\"BreadcrumbList\",\"@id\":\"https:\\\/\\\/vienninedistajat.fi\\\/liity-kannattajajaseneksi\\\/#breadcrumb\",\"itemListElement\":[{\"@type\":\"ListItem\",\"position\":1,\"name\":\"Home\",\"item\":\"https:\\\/\\\/vienninedistajat.fi\\\/\"},{\"@type\":\"ListItem\",\"position\":2,\"name\":\"Liity kannattajaj\u00e4seneksi\"}]},{\"@type\":\"WebSite\",\"@id\":\"https:\\\/\\\/vienninedistajat.fi\\\/#website\",\"url\":\"https:\\\/\\\/vienninedistajat.fi\\\/\",\"name\":\"vienninedistajat.fi\",\"description\":\"\",\"publisher\":{\"@id\":\"https:\\\/\\\/vienninedistajat.fi\\\/#organization\"},\"potentialAction\":[{\"@type\":\"SearchAction\",\"target\":{\"@type\":\"EntryPoint\",\"urlTemplate\":\"https:\\\/\\\/vienninedistajat.fi\\\/?s={search_term_string}\"},\"query-input\":{\"@type\":\"PropertyValueSpecification\",\"valueRequired\":true,\"valueName\":\"search_term_string\"}}],\"inLanguage\":\"en-GB\"},{\"@type\":\"Organization\",\"@id\":\"https:\\\/\\\/vienninedistajat.fi\\\/#organization\",\"name\":\"vienninedistajat.fi\",\"url\":\"https:\\\/\\\/vienninedistajat.fi\\\/\",\"logo\":{\"@type\":\"ImageObject\",\"inLanguage\":\"en-GB\",\"@id\":\"https:\\\/\\\/vienninedistajat.fi\\\/#\\\/schema\\\/logo\\\/image\\\/\",\"url\":\"https:\\\/\\\/vienninedistajat.fi\\\/wp-content\\\/uploads\\\/2025\\\/08\\\/Vienninedistajat-ry-logo.png\",\"contentUrl\":\"https:\\\/\\\/vienninedistajat.fi\\\/wp-content\\\/uploads\\\/2025\\\/08\\\/Vienninedistajat-ry-logo.png\",\"width\":80,\"height\":100,\"caption\":\"vienninedistajat.fi\"},\"image\":{\"@id\":\"https:\\\/\\\/vienninedistajat.fi\\\/#\\\/schema\\\/logo\\\/image\\\/\"}}]}<\/script>\n<!-- \/ Yoast SEO plugin. -->","yoast_head_json":{"title":"Liity kannattajaj\u00e4seneksi - vienninedistajat.fi","robots":{"index":"index","follow":"follow","max-snippet":"max-snippet:-1","max-image-preview":"max-image-preview:large","max-video-preview":"max-video-preview:-1"},"canonical":"https:\/\/vienninedistajat.fi\/en\/liity-kannattajajaseneksi\/","og_locale":"en_GB","og_type":"article","og_title":"Liity kannattajaj\u00e4seneksi - vienninedistajat.fi","og_description":"Liity kannattajaj\u00e4seneksi Kannattajaj\u00e4senyys sopii organisaatioille ja yksityishenkil\u00f6ille, jotka haluavat tukea viennin edist\u00e4mist\u00e4 ja olla mukana verkostossa. Kannattajaj\u00e4senet saavat n\u00e4kyvyytt\u00e4 toiminnassamme, [&hellip;]","og_url":"https:\/\/vienninedistajat.fi\/en\/liity-kannattajajaseneksi\/","og_site_name":"vienninedistajat.fi","article_modified_time":"2025-08-26T09:08:16+00:00","og_image":[{"url":"https:\/\/vienninedistajat.fi\/wp-content\/uploads\/2025\/08\/Vienninedistajat-ry-logo.png","type":"","width":"","height":""}],"twitter_card":"summary_large_image","twitter_misc":{"Estimated reading time":"1 minute"},"schema":{"@context":"https:\/\/schema.org","@graph":[{"@type":"WebPage","@id":"https:\/\/vienninedistajat.fi\/liity-kannattajajaseneksi\/","url":"https:\/\/vienninedistajat.fi\/liity-kannattajajaseneksi\/","name":"Liity kannattajaj\u00e4seneksi - vienninedistajat.fi","isPartOf":{"@id":"https:\/\/vienninedistajat.fi\/#website"},"primaryImageOfPage":{"@id":"https:\/\/vienninedistajat.fi\/liity-kannattajajaseneksi\/#primaryimage"},"image":{"@id":"https:\/\/vienninedistajat.fi\/liity-kannattajajaseneksi\/#primaryimage"},"thumbnailUrl":"https:\/\/vienninedistajat.fi\/wp-content\/uploads\/2025\/08\/Vienninedistajat-ry-logo.png","datePublished":"2025-08-13T05:23:23+00:00","dateModified":"2025-08-26T09:08:16+00:00","breadcrumb":{"@id":"https:\/\/vienninedistajat.fi\/liity-kannattajajaseneksi\/#breadcrumb"},"inLanguage":"en-GB","potentialAction":[{"@type":"ReadAction","target":["https:\/\/vienninedistajat.fi\/liity-kannattajajaseneksi\/"]}]},{"@type":"ImageObject","inLanguage":"en-GB","@id":"https:\/\/vienninedistajat.fi\/liity-kannattajajaseneksi\/#primaryimage","url":"https:\/\/vienninedistajat.fi\/wp-content\/uploads\/2025\/08\/Vienninedistajat-ry-logo.png","contentUrl":"https:\/\/vienninedistajat.fi\/wp-content\/uploads\/2025\/08\/Vienninedistajat-ry-logo.png"},{"@type":"BreadcrumbList","@id":"https:\/\/vienninedistajat.fi\/liity-kannattajajaseneksi\/#breadcrumb","itemListElement":[{"@type":"ListItem","position":1,"name":"Home","item":"https:\/\/vienninedistajat.fi\/"},{"@type":"ListItem","position":2,"name":"Liity kannattajaj\u00e4seneksi"}]},{"@type":"WebSite","@id":"https:\/\/vienninedistajat.fi\/#website","url":"https:\/\/vienninedistajat.fi\/","name":"vienninedistajat.fi","description":"","publisher":{"@id":"https:\/\/vienninedistajat.fi\/#organization"},"potentialAction":[{"@type":"SearchAction","target":{"@type":"EntryPoint","urlTemplate":"https:\/\/vienninedistajat.fi\/?s={search_term_string}"},"query-input":{"@type":"PropertyValueSpecification","valueRequired":true,"valueName":"search_term_string"}}],"inLanguage":"en-GB"},{"@type":"Organization","@id":"https:\/\/vienninedistajat.fi\/#organization","name":"vienninedistajat.fi","url":"https:\/\/vienninedistajat.fi\/","logo":{"@type":"ImageObject","inLanguage":"en-GB","@id":"https:\/\/vienninedistajat.fi\/#\/schema\/logo\/image\/","url":"https:\/\/vienninedistajat.fi\/wp-content\/uploads\/2025\/08\/Vienninedistajat-ry-logo.png","contentUrl":"https:\/\/vienninedistajat.fi\/wp-content\/uploads\/2025\/08\/Vienninedistajat-ry-logo.png","width":80,"height":100,"caption":"vienninedistajat.fi"},"image":{"@id":"https:\/\/vienninedistajat.fi\/#\/schema\/logo\/image\/"}}]}},"_links":{"self":[{"href":"https:\/\/vienninedistajat.fi\/en\/wp-json\/wp\/v2\/pages\/199","targetHints":{"allow":["GET"]}}],"collection":[{"href":"https:\/\/vienninedistajat.fi\/en\/wp-json\/wp\/v2\/pages"}],"about":[{"href":"https:\/\/vienninedistajat.fi\/en\/wp-json\/wp\/v2\/types\/page"}],"author":[{"embeddable":true,"href":"https:\/\/vienninedistajat.fi\/en\/wp-json\/wp\/v2\/users\/1"}],"replies":[{"embeddable":true,"href":"https:\/\/vienninedistajat.fi\/en\/wp-json\/wp\/v2\/comments?post=199"}],"version-history":[{"count":5,"href":"https:\/\/vienninedistajat.fi\/en\/wp-json\/wp\/v2\/pages\/199\/revisions"}],"predecessor-version":[{"id":242,"href":"https:\/\/vienninedistajat.fi\/en\/wp-json\/wp\/v2\/pages\/199\/revisions\/242"}],"wp:attachment":[{"href":"https:\/\/vienninedistajat.fi\/en\/wp-json\/wp\/v2\/media?parent=199"}],"curies":[{"name":"wp","href":"https:\/\/api.w.org\/{rel}","templated":true}]}}