{"id":98,"date":"2025-08-06T05:05:23","date_gmt":"2025-08-06T05:05:23","guid":{"rendered":"https:\/\/vienninedistajat.fi\/?page_id=98"},"modified":"2025-08-26T09:34:03","modified_gmt":"2025-08-26T09:34:03","slug":"pavelut","status":"publish","type":"page","link":"https:\/\/vienninedistajat.fi\/en\/pavelut\/","title":{"rendered":"Pavelut"},"content":{"rendered":"<div data-elementor-type=\"wp-page\" data-elementor-id=\"98\" class=\"elementor elementor-98\" data-elementor-post-type=\"page\">\n\t\t\t\t\t\t<section class=\"elementor-section elementor-top-section elementor-element elementor-element-1697d1c elementor-section-boxed elementor-section-height-default elementor-section-height-default\" data-id=\"1697d1c\" data-element_type=\"section\" data-e-type=\"section\" data-settings=\"{&quot;background_background&quot;:&quot;classic&quot;}\">\n\t\t\t\t\t\t<div class=\"elementor-container elementor-column-gap-default\">\n\t\t\t\t\t<div class=\"elementor-column elementor-col-100 elementor-top-column elementor-element elementor-element-1e305b5\" data-id=\"1e305b5\" data-element_type=\"column\" data-e-type=\"column\">\n\t\t\t<div class=\"elementor-widget-wrap elementor-element-populated\">\n\t\t\t\t\t\t<div class=\"elementor-element elementor-element-f9f7bab elementor-widget elementor-widget-heading\" data-id=\"f9f7bab\" data-element_type=\"widget\" data-e-type=\"widget\" data-widget_type=\"heading.default\">\n\t\t\t\t\t<h1 class=\"elementor-heading-title elementor-size-default\">Palvelut<\/h1>\t\t\t\t<\/div>\n\t\t\t\t<div class=\"elementor-element elementor-element-b095918 elementor-widget elementor-widget-text-editor\" data-id=\"b095918\" data-element_type=\"widget\" data-e-type=\"widget\" data-widget_type=\"text-editor.default\">\n\t\t\t\t\t\t\t\t\t<p data-start=\"452\" data-end=\"594\"><em data-start=\"452\" data-end=\"592\">Tarjoamme konkreettisia palveluja, joiden avulla suomalaiset yritykset p\u00e4\u00e4sev\u00e4t kansainv\u00e4lisille markkinoille nopeammin ja turvallisemmin.<\/em><\/p>\t\t\t\t\t\t\t\t<\/div>\n\t\t\t\t\t<\/div>\n\t\t<\/div>\n\t\t\t\t\t<\/div>\n\t\t<\/section>\n\t\t\t\t<section class=\"elementor-section elementor-top-section elementor-element elementor-element-222c000 elementor-section-boxed elementor-section-height-default elementor-section-height-default\" data-id=\"222c000\" data-element_type=\"section\" data-e-type=\"section\" data-settings=\"{&quot;background_background&quot;:&quot;classic&quot;}\">\n\t\t\t\t\t\t<div class=\"elementor-container elementor-column-gap-default\">\n\t\t\t\t\t<div class=\"elementor-column elementor-col-100 elementor-top-column elementor-element elementor-element-09d0091\" data-id=\"09d0091\" data-element_type=\"column\" data-e-type=\"column\">\n\t\t\t<div class=\"elementor-widget-wrap elementor-element-populated\">\n\t\t\t\t\t\t<div class=\"elementor-element elementor-element-88f24d9 elementor-widget elementor-widget-heading\" data-id=\"88f24d9\" data-element_type=\"widget\" data-e-type=\"widget\" data-widget_type=\"heading.default\">\n\t\t\t\t\t<h2 class=\"elementor-heading-title elementor-size-default\">N\u00e4ill\u00e4 palveluilla vauhditamme vienti\u00e4si<\/h2>\t\t\t\t<\/div>\n\t\t\t\t<div class=\"elementor-element elementor-element-059c1d2 elementor-widget elementor-widget-text-editor\" data-id=\"059c1d2\" data-element_type=\"widget\" data-e-type=\"widget\" data-widget_type=\"text-editor.default\">\n\t\t\t\t\t\t\t\t\t<p data-start=\"652\" data-end=\"820\"><em data-start=\"652\" data-end=\"818\">Palvelumme kattavat koko vientipolun ensimm\u00e4isest\u00e4 ideasta sopimusten syntymiseen. Saat sparrausta, tietoa ja kontakteja \u2013 k\u00e4yt\u00e4nn\u00f6nl\u00e4heisesti ja tavoitteellisesti.<\/em><\/p>\t\t\t\t\t\t\t\t<\/div>\n\t\t\t\t\t<\/div>\n\t\t<\/div>\n\t\t\t\t\t<\/div>\n\t\t<\/section>\n\t\t\t\t<section class=\"elementor-section elementor-top-section elementor-element elementor-element-eb71f82 elementor-section-boxed elementor-section-height-default elementor-section-height-default\" data-id=\"eb71f82\" data-element_type=\"section\" data-e-type=\"section\">\n\t\t\t\t\t\t<div class=\"elementor-container elementor-column-gap-default\">\n\t\t\t\t\t<div class=\"elementor-column elementor-col-50 elementor-top-column elementor-element elementor-element-a53f512\" data-id=\"a53f512\" data-element_type=\"column\" data-e-type=\"column\">\n\t\t\t<div class=\"elementor-widget-wrap elementor-element-populated\">\n\t\t\t\t\t\t<div class=\"elementor-element elementor-element-47bd584 elementor-widget elementor-widget-heading\" data-id=\"47bd584\" data-element_type=\"widget\" data-e-type=\"widget\" data-widget_type=\"heading.default\">\n\t\t\t\t\t<h2 class=\"elementor-heading-title elementor-size-default\">Tukea vientiin<\/h2>\t\t\t\t<\/div>\n\t\t\t\t<div class=\"elementor-element elementor-element-5ceae77 elementor-widget elementor-widget-text-editor\" data-id=\"5ceae77\" data-element_type=\"widget\" data-e-type=\"widget\" data-widget_type=\"text-editor.default\">\n\t\t\t\t\t\t\t\t\t<p data-start=\"652\" data-end=\"820\">Autamme yrityksi\u00e4 rakentamaan selke\u00e4n tiekartan viennin aloittamiseen ja kasvattamiseen. Selkiyt\u00e4mme markkinavalinnan, resurssit ja ensiaskeleet.<\/p>\t\t\t\t\t\t\t\t<\/div>\n\t\t\t\t\t<\/div>\n\t\t<\/div>\n\t\t\t\t<div class=\"elementor-column elementor-col-50 elementor-top-column elementor-element elementor-element-3502574\" data-id=\"3502574\" data-element_type=\"column\" data-e-type=\"column\">\n\t\t\t<div class=\"elementor-widget-wrap elementor-element-populated\">\n\t\t\t\t\t\t<div class=\"elementor-element elementor-element-be8f8ee elementor-widget elementor-widget-heading\" data-id=\"be8f8ee\" data-element_type=\"widget\" data-e-type=\"widget\" data-widget_type=\"heading.default\">\n\t\t\t\t\t<h2 class=\"elementor-heading-title elementor-size-default\">Kasvata verkostojasi<\/h2>\t\t\t\t<\/div>\n\t\t\t\t<div class=\"elementor-element elementor-element-84f63e1 elementor-widget elementor-widget-text-editor\" data-id=\"84f63e1\" data-element_type=\"widget\" data-e-type=\"widget\" data-widget_type=\"text-editor.default\">\n\t\t\t\t\t\t\t\t\tVerkostomme avulla l\u00f6yd\u00e4t kumppaneita, ostajia ja asiantuntijoita uusilta markkinoilta. Vienti nopeutuu, kun oikeat ihmiset kohtaavat.\t\t\t\t\t\t\t\t<\/div>\n\t\t\t\t\t<\/div>\n\t\t<\/div>\n\t\t\t\t\t<\/div>\n\t\t<\/section>\n\t\t\t\t<section class=\"elementor-section elementor-top-section elementor-element elementor-element-25459a4 elementor-section-boxed elementor-section-height-default elementor-section-height-default\" data-id=\"25459a4\" data-element_type=\"section\" data-e-type=\"section\">\n\t\t\t\t\t\t<div class=\"elementor-container elementor-column-gap-default\">\n\t\t\t\t\t<div class=\"elementor-column elementor-col-50 elementor-top-column elementor-element elementor-element-f05804d\" data-id=\"f05804d\" data-element_type=\"column\" data-e-type=\"column\">\n\t\t\t<div class=\"elementor-widget-wrap elementor-element-populated\">\n\t\t\t\t\t\t<div class=\"elementor-element elementor-element-bd8cf64 elementor-widget elementor-widget-heading\" data-id=\"bd8cf64\" data-element_type=\"widget\" data-e-type=\"widget\" data-widget_type=\"heading.default\">\n\t\t\t\t\t<h2 class=\"elementor-heading-title elementor-size-default\">Tietoa markkinoinnista<\/h2>\t\t\t\t<\/div>\n\t\t\t\t<div class=\"elementor-element elementor-element-b3e79ae elementor-widget elementor-widget-text-editor\" data-id=\"b3e79ae\" data-element_type=\"widget\" data-e-type=\"widget\" data-widget_type=\"text-editor.default\">\n\t\t\t\t\t\t\t\t\t<p data-start=\"652\" data-end=\"820\">Tuotteesi tai palvelusi tarvitsee n\u00e4kyvyytt\u00e4. Tarjoamme tietoa, ty\u00f6kaluja ja k\u00e4yt\u00e4nn\u00f6n vinkkej\u00e4 kansainv\u00e4liseen markkinointiin \u2013 kulttuurierot ja kanavavalinnat huomioiden.<\/p>\t\t\t\t\t\t\t\t<\/div>\n\t\t\t\t\t<\/div>\n\t\t<\/div>\n\t\t\t\t<div class=\"elementor-column elementor-col-50 elementor-top-column elementor-element elementor-element-0183927\" data-id=\"0183927\" data-element_type=\"column\" data-e-type=\"column\">\n\t\t\t<div class=\"elementor-widget-wrap elementor-element-populated\">\n\t\t\t\t\t\t<div class=\"elementor-element elementor-element-249804f elementor-widget elementor-widget-heading\" data-id=\"249804f\" data-element_type=\"widget\" data-e-type=\"widget\" data-widget_type=\"heading.default\">\n\t\t\t\t\t<h2 class=\"elementor-heading-title elementor-size-default\">Vientikoulutusta<\/h2>\t\t\t\t<\/div>\n\t\t\t\t<div class=\"elementor-element elementor-element-dc40bab elementor-widget elementor-widget-text-editor\" data-id=\"dc40bab\" data-element_type=\"widget\" data-e-type=\"widget\" data-widget_type=\"text-editor.default\">\n\t\t\t\t\t\t\t\t\t<p data-start=\"652\" data-end=\"820\">J\u00e4rjest\u00e4mme koulutuksia, jotka antavat tiimillesi ymm\u00e4rryst\u00e4 ja osaamista viennin eri vaiheista. Saat k\u00e4yt\u00e4nn\u00f6n ty\u00f6kaluja, case-esimerkkej\u00e4 ja vinkkej\u00e4 onnistumiseen.<\/p>\t\t\t\t\t\t\t\t<\/div>\n\t\t\t\t\t<\/div>\n\t\t<\/div>\n\t\t\t\t\t<\/div>\n\t\t<\/section>\n\t\t\t\t<section class=\"elementor-section elementor-top-section elementor-element elementor-element-fbb4c7e elementor-section-boxed elementor-section-height-default elementor-section-height-default\" data-id=\"fbb4c7e\" data-element_type=\"section\" data-e-type=\"section\">\n\t\t\t\t\t\t<div class=\"elementor-container elementor-column-gap-default\">\n\t\t\t\t\t<div class=\"elementor-column elementor-col-50 elementor-top-column elementor-element elementor-element-b867428\" data-id=\"b867428\" data-element_type=\"column\" data-e-type=\"column\">\n\t\t\t<div class=\"elementor-widget-wrap elementor-element-populated\">\n\t\t\t\t\t\t<div class=\"elementor-element elementor-element-695de21 elementor-widget elementor-widget-heading\" data-id=\"695de21\" data-element_type=\"widget\" data-e-type=\"widget\" data-widget_type=\"heading.default\">\n\t\t\t\t\t<h2 class=\"elementor-heading-title elementor-size-default\">Neuvontaa<\/h2>\t\t\t\t<\/div>\n\t\t\t\t<div class=\"elementor-element elementor-element-2d769bf elementor-widget elementor-widget-text-editor\" data-id=\"2d769bf\" data-element_type=\"widget\" data-e-type=\"widget\" data-widget_type=\"text-editor.default\">\n\t\t\t\t\t\t\t\t\t<p data-start=\"1039\" data-end=\"1177\">Tarjoamme henkil\u00f6kohtaista neuvontaa vientiin liittyviss\u00e4 kysymyksiss\u00e4 \u2013 rahoituksesta ja sopimuksista markkinatietoon ja kulttuurisiin erityispiirteisiin. Tavoite on aina sama: v\u00e4hent\u00e4\u00e4 riskej\u00e4 ja nopeuttaa kasvua.<\/p>\t\t\t\t\t\t\t\t<\/div>\n\t\t\t\t\t<\/div>\n\t\t<\/div>\n\t\t\t\t<div class=\"elementor-column elementor-col-50 elementor-top-column elementor-element elementor-element-d29b64f\" data-id=\"d29b64f\" data-element_type=\"column\" data-e-type=\"column\">\n\t\t\t<div class=\"elementor-widget-wrap\">\n\t\t\t\t\t\t\t<\/div>\n\t\t<\/div>\n\t\t\t\t\t<\/div>\n\t\t<\/section>\n\t\t\t\t<\/div>","protected":false},"excerpt":{"rendered":"<p>Palvelut Tarjoamme konkreettisia palveluja, joiden avulla suomalaiset yritykset p\u00e4\u00e4sev\u00e4t kansainv\u00e4lisille markkinoille nopeammin ja turvallisemmin. N\u00e4ill\u00e4 palveluilla vauhditamme vienti\u00e4si Palvelumme kattavat [&hellip;]<\/p>\n","protected":false},"author":1,"featured_media":0,"parent":0,"menu_order":0,"comment_status":"closed","ping_status":"closed","template":"","meta":{"site-sidebar-layout":"no-sidebar","site-content-layout":"","ast-site-content-layout":"full-width-container","site-content-style":"default","site-sidebar-style":"default","ast-global-header-display":"","ast-banner-title-visibility":"","ast-main-header-display":"","ast-hfb-above-header-display":"","ast-hfb-below-header-display":"","ast-hfb-mobile-header-display":"","site-post-title":"disabled","ast-breadcrumbs-content":"","ast-featured-img":"disabled","footer-sml-layout":"","ast-disable-related-posts":"","theme-transparent-header-meta":"","adv-header-id-meta":"","stick-header-meta":"","header-above-stick-meta":"","header-main-stick-meta":"","header-below-stick-meta":"","astra-migrate-meta-layouts":"default","ast-page-background-enabled":"default","ast-page-background-meta":{"desktop":{"background-color":"var(--ast-global-color-5)","background-image":"","background-repeat":"repeat","background-position":"center center","background-size":"auto","background-attachment":"scroll","background-type":"","background-media":"","overlay-type":"","overlay-color":"","overlay-opacity":"","overlay-gradient":""},"tablet":{"background-color":"","background-image":"","background-repeat":"repeat","background-position":"center center","background-size":"auto","background-attachment":"scroll","background-type":"","background-media":"","overlay-type":"","overlay-color":"","overlay-opacity":"","overlay-gradient":""},"mobile":{"background-color":"","background-image":"","background-repeat":"repeat","background-position":"center center","background-size":"auto","background-attachment":"scroll","background-type":"","background-media":"","overlay-type":"","overlay-color":"","overlay-opacity":"","overlay-gradient":""}},"ast-content-background-meta":{"desktop":{"background-color":"var(--ast-global-color-4)","background-image":"","background-repeat":"repeat","background-position":"center center","background-size":"auto","background-attachment":"scroll","background-type":"","background-media":"","overlay-type":"","overlay-color":"","overlay-opacity":"","overlay-gradient":""},"tablet":{"background-color":"var(--ast-global-color-4)","background-image":"","background-repeat":"repeat","background-position":"center center","background-size":"auto","background-attachment":"scroll","background-type":"","background-media":"","overlay-type":"","overlay-color":"","overlay-opacity":"","overlay-gradient":""},"mobile":{"background-color":"var(--ast-global-color-4)","background-image":"","background-repeat":"repeat","background-position":"center center","background-size":"auto","background-attachment":"scroll","background-type":"","background-media":"","overlay-type":"","overlay-color":"","overlay-opacity":"","overlay-gradient":""}},"footnotes":""},"class_list":["post-98","page","type-page","status-publish","hentry"],"yoast_head":"<!-- This site is optimized with the Yoast SEO plugin v27.5 - https:\/\/yoast.com\/product\/yoast-seo-wordpress\/ -->\n<title>Pavelut - vienninedistajat.fi<\/title>\n<meta name=\"robots\" content=\"index, follow, max-snippet:-1, max-image-preview:large, max-video-preview:-1\" \/>\n<link rel=\"canonical\" href=\"https:\/\/vienninedistajat.fi\/en\/pavelut\/\" \/>\n<meta property=\"og:locale\" content=\"en_GB\" \/>\n<meta property=\"og:type\" content=\"article\" \/>\n<meta property=\"og:title\" content=\"Pavelut - vienninedistajat.fi\" \/>\n<meta property=\"og:description\" content=\"Palvelut Tarjoamme konkreettisia palveluja, joiden avulla suomalaiset yritykset p\u00e4\u00e4sev\u00e4t kansainv\u00e4lisille markkinoille nopeammin ja turvallisemmin. N\u00e4ill\u00e4 palveluilla vauhditamme vienti\u00e4si Palvelumme kattavat [&hellip;]\" \/>\n<meta property=\"og:url\" content=\"https:\/\/vienninedistajat.fi\/en\/pavelut\/\" \/>\n<meta property=\"og:site_name\" content=\"vienninedistajat.fi\" \/>\n<meta property=\"article:modified_time\" content=\"2025-08-26T09:34:03+00:00\" \/>\n<meta name=\"twitter:card\" content=\"summary_large_image\" \/>\n<meta name=\"twitter:label1\" content=\"Estimated reading time\" \/>\n\t<meta name=\"twitter:data1\" content=\"1 minute\" \/>\n<script type=\"application\/ld+json\" class=\"yoast-schema-graph\">{\"@context\":\"https:\\\/\\\/schema.org\",\"@graph\":[{\"@type\":\"WebPage\",\"@id\":\"https:\\\/\\\/vienninedistajat.fi\\\/pavelut\\\/\",\"url\":\"https:\\\/\\\/vienninedistajat.fi\\\/pavelut\\\/\",\"name\":\"Pavelut - vienninedistajat.fi\",\"isPartOf\":{\"@id\":\"https:\\\/\\\/vienninedistajat.fi\\\/#website\"},\"datePublished\":\"2025-08-06T05:05:23+00:00\",\"dateModified\":\"2025-08-26T09:34:03+00:00\",\"breadcrumb\":{\"@id\":\"https:\\\/\\\/vienninedistajat.fi\\\/pavelut\\\/#breadcrumb\"},\"inLanguage\":\"en-GB\",\"potentialAction\":[{\"@type\":\"ReadAction\",\"target\":[\"https:\\\/\\\/vienninedistajat.fi\\\/pavelut\\\/\"]}]},{\"@type\":\"BreadcrumbList\",\"@id\":\"https:\\\/\\\/vienninedistajat.fi\\\/pavelut\\\/#breadcrumb\",\"itemListElement\":[{\"@type\":\"ListItem\",\"position\":1,\"name\":\"Home\",\"item\":\"https:\\\/\\\/vienninedistajat.fi\\\/\"},{\"@type\":\"ListItem\",\"position\":2,\"name\":\"Pavelut\"}]},{\"@type\":\"WebSite\",\"@id\":\"https:\\\/\\\/vienninedistajat.fi\\\/#website\",\"url\":\"https:\\\/\\\/vienninedistajat.fi\\\/\",\"name\":\"vienninedistajat.fi\",\"description\":\"\",\"publisher\":{\"@id\":\"https:\\\/\\\/vienninedistajat.fi\\\/#organization\"},\"potentialAction\":[{\"@type\":\"SearchAction\",\"target\":{\"@type\":\"EntryPoint\",\"urlTemplate\":\"https:\\\/\\\/vienninedistajat.fi\\\/?s={search_term_string}\"},\"query-input\":{\"@type\":\"PropertyValueSpecification\",\"valueRequired\":true,\"valueName\":\"search_term_string\"}}],\"inLanguage\":\"en-GB\"},{\"@type\":\"Organization\",\"@id\":\"https:\\\/\\\/vienninedistajat.fi\\\/#organization\",\"name\":\"vienninedistajat.fi\",\"url\":\"https:\\\/\\\/vienninedistajat.fi\\\/\",\"logo\":{\"@type\":\"ImageObject\",\"inLanguage\":\"en-GB\",\"@id\":\"https:\\\/\\\/vienninedistajat.fi\\\/#\\\/schema\\\/logo\\\/image\\\/\",\"url\":\"https:\\\/\\\/vienninedistajat.fi\\\/wp-content\\\/uploads\\\/2025\\\/08\\\/Vienninedistajat-ry-logo.png\",\"contentUrl\":\"https:\\\/\\\/vienninedistajat.fi\\\/wp-content\\\/uploads\\\/2025\\\/08\\\/Vienninedistajat-ry-logo.png\",\"width\":80,\"height\":100,\"caption\":\"vienninedistajat.fi\"},\"image\":{\"@id\":\"https:\\\/\\\/vienninedistajat.fi\\\/#\\\/schema\\\/logo\\\/image\\\/\"}}]}<\/script>\n<!-- \/ Yoast SEO plugin. -->","yoast_head_json":{"title":"Pavelut - vienninedistajat.fi","robots":{"index":"index","follow":"follow","max-snippet":"max-snippet:-1","max-image-preview":"max-image-preview:large","max-video-preview":"max-video-preview:-1"},"canonical":"https:\/\/vienninedistajat.fi\/en\/pavelut\/","og_locale":"en_GB","og_type":"article","og_title":"Pavelut - vienninedistajat.fi","og_description":"Palvelut Tarjoamme konkreettisia palveluja, joiden avulla suomalaiset yritykset p\u00e4\u00e4sev\u00e4t kansainv\u00e4lisille markkinoille nopeammin ja turvallisemmin. N\u00e4ill\u00e4 palveluilla vauhditamme vienti\u00e4si Palvelumme kattavat [&hellip;]","og_url":"https:\/\/vienninedistajat.fi\/en\/pavelut\/","og_site_name":"vienninedistajat.fi","article_modified_time":"2025-08-26T09:34:03+00:00","twitter_card":"summary_large_image","twitter_misc":{"Estimated reading time":"1 minute"},"schema":{"@context":"https:\/\/schema.org","@graph":[{"@type":"WebPage","@id":"https:\/\/vienninedistajat.fi\/pavelut\/","url":"https:\/\/vienninedistajat.fi\/pavelut\/","name":"Pavelut - vienninedistajat.fi","isPartOf":{"@id":"https:\/\/vienninedistajat.fi\/#website"},"datePublished":"2025-08-06T05:05:23+00:00","dateModified":"2025-08-26T09:34:03+00:00","breadcrumb":{"@id":"https:\/\/vienninedistajat.fi\/pavelut\/#breadcrumb"},"inLanguage":"en-GB","potentialAction":[{"@type":"ReadAction","target":["https:\/\/vienninedistajat.fi\/pavelut\/"]}]},{"@type":"BreadcrumbList","@id":"https:\/\/vienninedistajat.fi\/pavelut\/#breadcrumb","itemListElement":[{"@type":"ListItem","position":1,"name":"Home","item":"https:\/\/vienninedistajat.fi\/"},{"@type":"ListItem","position":2,"name":"Pavelut"}]},{"@type":"WebSite","@id":"https:\/\/vienninedistajat.fi\/#website","url":"https:\/\/vienninedistajat.fi\/","name":"vienninedistajat.fi","description":"","publisher":{"@id":"https:\/\/vienninedistajat.fi\/#organization"},"potentialAction":[{"@type":"SearchAction","target":{"@type":"EntryPoint","urlTemplate":"https:\/\/vienninedistajat.fi\/?s={search_term_string}"},"query-input":{"@type":"PropertyValueSpecification","valueRequired":true,"valueName":"search_term_string"}}],"inLanguage":"en-GB"},{"@type":"Organization","@id":"https:\/\/vienninedistajat.fi\/#organization","name":"vienninedistajat.fi","url":"https:\/\/vienninedistajat.fi\/","logo":{"@type":"ImageObject","inLanguage":"en-GB","@id":"https:\/\/vienninedistajat.fi\/#\/schema\/logo\/image\/","url":"https:\/\/vienninedistajat.fi\/wp-content\/uploads\/2025\/08\/Vienninedistajat-ry-logo.png","contentUrl":"https:\/\/vienninedistajat.fi\/wp-content\/uploads\/2025\/08\/Vienninedistajat-ry-logo.png","width":80,"height":100,"caption":"vienninedistajat.fi"},"image":{"@id":"https:\/\/vienninedistajat.fi\/#\/schema\/logo\/image\/"}}]}},"_links":{"self":[{"href":"https:\/\/vienninedistajat.fi\/en\/wp-json\/wp\/v2\/pages\/98","targetHints":{"allow":["GET"]}}],"collection":[{"href":"https:\/\/vienninedistajat.fi\/en\/wp-json\/wp\/v2\/pages"}],"about":[{"href":"https:\/\/vienninedistajat.fi\/en\/wp-json\/wp\/v2\/types\/page"}],"author":[{"embeddable":true,"href":"https:\/\/vienninedistajat.fi\/en\/wp-json\/wp\/v2\/users\/1"}],"replies":[{"embeddable":true,"href":"https:\/\/vienninedistajat.fi\/en\/wp-json\/wp\/v2\/comments?post=98"}],"version-history":[{"count":34,"href":"https:\/\/vienninedistajat.fi\/en\/wp-json\/wp\/v2\/pages\/98\/revisions"}],"predecessor-version":[{"id":283,"href":"https:\/\/vienninedistajat.fi\/en\/wp-json\/wp\/v2\/pages\/98\/revisions\/283"}],"wp:attachment":[{"href":"https:\/\/vienninedistajat.fi\/en\/wp-json\/wp\/v2\/media?parent=98"}],"curies":[{"name":"wp","href":"https:\/\/api.w.org\/{rel}","templated":true}]}}